{"id":8175,"date":"2018-01-13T23:44:39","date_gmt":"2018-01-13T22:44:39","guid":{"rendered":"http:\/\/www.worldmoments.org\/?page_id=8175"},"modified":"2020-12-04T11:56:34","modified_gmt":"2020-12-04T10:56:34","slug":"cartagena-tourism","status":"publish","type":"page","link":"https:\/\/www.worldmoments.org\/en\/colombia\/cartagena-tourism\/","title":{"rendered":"Cartagena Tourism"},"content":{"rendered":"<h2>Cartagena: Welcome to the Colombian Carribean<\/h2>\n<p>&nbsp;<\/p>\n<span class='q_dropcap ' style=''>C<\/span>olombia &#8211; Cartagena is a historical and cosmopolitan city located in the Colombian Carribean, and one of the main touristic destinations of Colombia. Cartagena boasts a warm climate every day of the year with a m\u00ednimum temperatura of 24\u00b0 and a maximum of 35\u00b0 centrigrade while the sea is a balmy 27\u00b0 to 29\u00b0 centigrade. There are 2 seasons throughout the year: the warm, dry season from December to April, and the rainy, humid season between May and November, and so because it\u2019s warm all year you can visit any date of the year. <\/p>\n<p>&nbsp;<\/p>\n<div class=\"codespacing_progress_map_area cspm_linear_gradient_bg\" data-map-id=\"map7775\" data-show-infobox=\"true\" data-infobox-display-event=\"onload\" ><input type=\"hidden\" name=\"cspm_map_page_id_map7775\" id=\"cspm_map_page_id_map7775\" value=\"8175\" \/><div class=\"layout_container mu-cd\" data-map-id=\"map7775\"><div class=\"map-container\" data-map-id=\"map7775\" style=\"width: 100%;\"><div class=\"cspm-col-lg-12 cspm-col-xs-12 cspm-col-sm-12 cspm-col-md-12\" data-map-id=\"map7775\" style=\"position:relative; overflow:hidden; margin:0; padding:0;\"><div class=\"cspm_custom_controls\" data-map-id=\"map7775\"><div class=\"cspm_map_red_msg_widget cspm_border_shadow cspm_border_radius\" data-map-id=\"map7775\"><\/div><div class=\"cspm_map_green_msg_widget cspm_border_shadow cspm_border_radius\" data-map-id=\"map7775\"><\/div><div class=\"cspm_map_orange_msg_widget cspm_border_shadow cspm_border_radius\" data-map-id=\"map7775\"><\/div><div class=\"cspm_map_blue_msg_widget cspm_border_shadow cspm_border_radius\" data-map-id=\"map7775\"><\/div><div class=\"cspm_map_help_msg_widget cspm_border_shadow cspm_border_radius\" data-map-id=\"map7775\"><\/div><div id=\"pulsating_holder\" class=\"map7775_pulsating\"><div class=\"dot cspm_border_hex\"><\/div><\/div><div class=\"cspm_zoom_container\"><div class=\"cspm_zoom_in_map7775 cspm_map_btn cspm_zoom_in_control cspm_bg_rgb_hover cspm_border_shadow cspm_border_top_radius\" title=\"Zoom in\"><img class=\"cspm_svg cspm_svg_white\" src=\"https:\/\/www.worldmoments.org\/wp-content\/plugins\/codespacing-progress-map\/img\/svg\/addition-sign.svg\" \/><\/div><div class=\"cspm_zoom_out_map7775 cspm_map_btn cspm_zoom_out_control cspm_bg_rgb_hover cspm_border_shadow cspm_border_bottom_radius\" title=\"Zoom out\"><img class=\"cspm_svg cspm_svg_white\" src=\"https:\/\/www.worldmoments.org\/wp-content\/plugins\/codespacing-progress-map\/img\/svg\/minus-sign.svg\" \/><\/div><\/div><div class=\"cluster_posts_widget_map7775 cspm_border_shadow cspm_border_radius\"><div class=\"cspm_infobox_spinner cspm_border_top_after_hex\"><\/div><\/div><div class=\"cspm_recenter_map_btn cspm_map_btn cspm_border_shadow cspm_border_radius\" data-map-id=\"map7775\" title=\"Recenter the map\" style=\"top:115px\"><img class=\"cspm_svg cspm_svg_colored\" src=\"https:\/\/www.worldmoments.org\/wp-content\/plugins\/codespacing-progress-map\/img\/svg\/recenter.svg\" \/><\/div><div class=\"cspm_map_sidebars\" data-map-id=\"map7775\"><div class=\"cspm_sidebar top\" data-map-id=\"map7775\" data-content_id=\"\"><\/div><div class=\"cspm_sidebar right\" data-map-id=\"map7775\" data-content_id=\"\"><\/div><div class=\"cspm_sidebar bottom\" data-map-id=\"map7775\" data-content_id=\"\"><\/div><div class=\"cspm_sidebar left\" data-map-id=\"map7775\" data-content_id=\"\"><\/div><\/div><\/div><div id=\"codespacing_progress_map_div_map7775\" data-map-id=\"map7775\" style=\"height:430px;\"><\/div><\/div><\/div><div class=\"carousel-container\" data-map-id=\"map7775\" style=\"\"><div id=\"cspm_carousel_container\" data-map-id=\"map7775\" data-carousel-mode=\"false\"\r\n                class=\"cspm-swiper  cspm-col-lg-12 cspm-col-xs-12 cspm-col-sm-12 cspm-col-md-12\" \r\n                style=\"height:170px;\"><div id=\"cspm_carousel_map7775\" class=\"swiper-wrapper\" data-map-id=\"map7775\" data-carousel-mode=\"false\"><\/div><div class=\"cspm-swiper-button-prev\"><\/div><div class=\"cspm-swiper-button-next\"><\/div><\/div><\/div><\/div><\/div>\n<p>&nbsp;<\/p>\n<p>&nbsp;<\/p>\n<h3>How to get to Cartagena de Indias<\/h3>\n<p>Cartagena has an international airport (Rafael N\u00fa\u00f1ez) to which there are direct flights from various cities around the world, but the best way to get here is via Bogot\u00e1 \u2013 Colombia. It\u2019s cheaper to take a direct flight from Bogot\u00e1 because not only are there cheap flights these days, but also that in an hour you will already be in the International airport Rafael N\u00fa\u00f1ez.<br \/>\n&nbsp;<br \/>\nOnce you get to the airport, it\u2019s 5 kilometers to get to the historical center of Cartagena \u2013 Colombia, and you can take a taxi just outside the Arrivals area of the airport. These taxis have automatic fare of around 7 USD, and the trip will take about 15 minutes. You can also get to the historical city center by bus: leave the airport, walk one block and you will find buses called \u201cMetrocar\u201d, which you can recognize by their white and green colors. These buses will bring you toward the historical center of Cartagena for just 1 USD! Keep in mind that the bus schedule is from 6:30 A.M. to 11:00 P.M., while the taxis are available 24 hours a day. <\/p>\n<p>&nbsp;<\/p>\n<h3>The Historical Center<\/h3>\n<p>It is really simple to move around in the historical center: you can take a taxi or use the public transit system Transcaribe, which has stops in all the most important spots in the city. Inside the historical center there are a huge number of options for lodging, as many hotels as hostels with a diverse range of prices according to your preferences. If you are looking for more economical backpacking hotels, you can look in the Getseman\u00ed, the Colonial neighbourhood where slaves used to live in the past. Close by, you\u2019ll find touristic sites like the Convention Center (Centro de Convenciones), the Church of the Third Order (La Iglesia de la Tercera Orden), and the Centenary Park (Parque Centenario), where cultural activities take place on weekend nights.<br \/>\n&nbsp;<br \/>\n<div id=\"attachment_9430\" style=\"width: 1450px\" class=\"wp-caption alignnone\"><img aria-describedby=\"caption-attachment-9430\" decoding=\"async\" src=\"https:\/\/www.worldmoments.org\/wp-content\/uploads\/2018\/02\/cartagena_centro_historico2.jpg\" alt=\"Cartagena historic centre sunset shot by drone\" width=\"1440\" height=\"810\" class=\"size-full wp-image-9430\" srcset=\"https:\/\/www.worldmoments.org\/wp-content\/uploads\/2018\/02\/cartagena_centro_historico2.jpg 1440w, https:\/\/www.worldmoments.org\/wp-content\/uploads\/2018\/02\/cartagena_centro_historico2-300x169.jpg 300w, https:\/\/www.worldmoments.org\/wp-content\/uploads\/2018\/02\/cartagena_centro_historico2-768x432.jpg 768w, https:\/\/www.worldmoments.org\/wp-content\/uploads\/2018\/02\/cartagena_centro_historico2-1024x576.jpg 1024w\" sizes=\"(max-width: 1440px) 100vw, 1440px\" \/><p id=\"caption-attachment-9430\" class=\"wp-caption-text\">Cartagena tourism &#8211; Historical Center:  Beautiful place to admire the colonial architecture<\/p><\/div>\n<p>&nbsp;<br \/>\nYou can explore the historical center of Cartagena on foot, by bike or in little horse-drawn carriages that are typical of this romantic place, which are part of why this place is so sought after by couples for wedding proposals and honeymoons. The well-preserved Colonial houses, balconies adorned with colorful flowers, the streetlamps that light the beautiful streets and the sound of horse-drawn carriages all combine to make you fall in love and not want to leave this place.<br \/>\n&nbsp;<br \/>\nBut it\u2019s also recommended that you take a tour of this part of the city with a guide so that you can learn about the history of Cartagena. Because this city is a part of Colombia, it has also suffered almost three centuries of colonization and was raided by pirates and English, French and Dutch troops who took it upon themselves to sack, attack and destroy Cartagena. But because of this, important defensive works were constructed, such as the 11-kilometer walls which surround and defend the historical center, and the San Felipe castle which was constructed in the year 1657 on a hilltop, which allowed them to observe invasions of the city by land or sea. These days, these impressive constructions make Cartagena de Indias an enchanting place.<br \/>\n&nbsp;<br \/>\n<div id=\"attachment_9451\" style=\"width: 1450px\" class=\"wp-caption alignnone\"><img aria-describedby=\"caption-attachment-9451\" decoding=\"async\" src=\"https:\/\/www.worldmoments.org\/wp-content\/uploads\/2018\/02\/cartagena_baluarte_de_santo_domingo2.jpg\" alt=\"Cartagena baluarte de santo domingo walls\" width=\"1440\" height=\"810\" class=\"size-full wp-image-9451\" srcset=\"https:\/\/www.worldmoments.org\/wp-content\/uploads\/2018\/02\/cartagena_baluarte_de_santo_domingo2.jpg 1440w, https:\/\/www.worldmoments.org\/wp-content\/uploads\/2018\/02\/cartagena_baluarte_de_santo_domingo2-300x169.jpg 300w, https:\/\/www.worldmoments.org\/wp-content\/uploads\/2018\/02\/cartagena_baluarte_de_santo_domingo2-768x432.jpg 768w, https:\/\/www.worldmoments.org\/wp-content\/uploads\/2018\/02\/cartagena_baluarte_de_santo_domingo2-1024x576.jpg 1024w\" sizes=\"(max-width: 1440px) 100vw, 1440px\" \/><p id=\"caption-attachment-9451\" class=\"wp-caption-text\">Cartagena tourism &#8211; City wall of Cartagena: The defense of the city in the last centuries, today a touristic spot<\/p><\/div>\n&nbsp;<\/p>\n<h3>Modern Cartagena<\/h3>\n<p>Bocagrande is very close to the historical center, another of the most visited sites in the city. You can see tall buildings there which enjoy the coveted view of the sea, luxurious hotels, commercial centers, bars and restaurants with a wide selection of \u201cfritos\u201d (a local name for snacks), and typical coastal drinks and food. Among the most popular snacks, really stand out: \u201carepa con huevo\u201d, a kind of flatbread made with corn flour and filled with an entire egg plus beef or chicken, and \u201ccarima\u00f1ola\u201d, made with manioc, cheese, eggs, and beef or chicken. There are also other typical and delicious foods which are mostly based on coconut and various kinds of seafood. Make sure you don\u2019t leave Cartagena without drinking a tasty coconut lemonade or eating a plate of delicious coconut rice.<br \/>\n&nbsp;<br \/>\n<div id=\"attachment_9420\" style=\"width: 1450px\" class=\"wp-caption alignnone\"><img aria-describedby=\"caption-attachment-9420\" decoding=\"async\" src=\"https:\/\/www.worldmoments.org\/wp-content\/uploads\/2018\/02\/cartagena_bocagrande.jpg\" alt=\"cartagena bocagrande view from the sea\" width=\"1440\" height=\"810\" class=\"size-full wp-image-9420\" srcset=\"https:\/\/www.worldmoments.org\/wp-content\/uploads\/2018\/02\/cartagena_bocagrande.jpg 1440w, https:\/\/www.worldmoments.org\/wp-content\/uploads\/2018\/02\/cartagena_bocagrande-300x169.jpg 300w, https:\/\/www.worldmoments.org\/wp-content\/uploads\/2018\/02\/cartagena_bocagrande-768x432.jpg 768w, https:\/\/www.worldmoments.org\/wp-content\/uploads\/2018\/02\/cartagena_bocagrande-1024x576.jpg 1024w\" sizes=\"(max-width: 1440px) 100vw, 1440px\" \/><p id=\"caption-attachment-9420\" class=\"wp-caption-text\">Cartagena tourism &#8211; Bocagrande: The Miami of Cartagena<\/p><\/div>\n&nbsp;<\/p>\n<p>In the neighbourhood Bocagrande, just across the San Martin avenue, is the Bocagrande beach, which is the most visited beach in the city because of its proximity to other touristic sites. Tourists arrive here to enjoy the sunshine and waves, and El Laguito, surrounded by buildings and found at one end of the beach. This beach is ideal for ocean sports.<br \/>\n&nbsp;<br \/>\n<div id=\"attachment_9431\" style=\"width: 1450px\" class=\"wp-caption alignnone\"><img aria-describedby=\"caption-attachment-9431\" decoding=\"async\" src=\"https:\/\/www.worldmoments.org\/wp-content\/uploads\/2018\/02\/cartagena_getsemani.jpg\" alt=\"cartagena getsemani shot by drone\" width=\"1440\" height=\"810\" class=\"size-full wp-image-9431\" srcset=\"https:\/\/www.worldmoments.org\/wp-content\/uploads\/2018\/02\/cartagena_getsemani.jpg 1440w, https:\/\/www.worldmoments.org\/wp-content\/uploads\/2018\/02\/cartagena_getsemani-300x169.jpg 300w, https:\/\/www.worldmoments.org\/wp-content\/uploads\/2018\/02\/cartagena_getsemani-768x432.jpg 768w, https:\/\/www.worldmoments.org\/wp-content\/uploads\/2018\/02\/cartagena_getsemani-1024x576.jpg 1024w\" sizes=\"(max-width: 1440px) 100vw, 1440px\" \/><p id=\"caption-attachment-9431\" class=\"wp-caption-text\">Cartagena tourism &#8211; Getsemani: A sporting event where many people dance on the street<\/p><\/div>\n&nbsp;<\/p>\n<p>In Cartagena, one is never bored: there is something for everyone among the huge range of activities to enjoy. Something you shouldn\u2019t miss is the city tour on one of the \u201cchiva\u201d party-buses; these tours cost no more than 15 USD and they pick you up from the door of your hotel or hostel to take you on a tour of the most important and interesting touristic sites in the city. On the way, you can enjoy a bit of the coastal culture through \u201ccumbia\u201d and \u201cmapal\u00e9.\u201d<br \/>\n&nbsp;<br \/>\n<div id=\"attachment_9422\" style=\"width: 1450px\" class=\"wp-caption alignnone\"><img aria-describedby=\"caption-attachment-9422\" decoding=\"async\" src=\"https:\/\/www.worldmoments.org\/wp-content\/uploads\/2018\/02\/cartagena_cafe_del_mar.jpg\" alt=\"cartagena cafe del mar shot by drone\" width=\"1440\" height=\"810\" class=\"size-full wp-image-9422\" srcset=\"https:\/\/www.worldmoments.org\/wp-content\/uploads\/2018\/02\/cartagena_cafe_del_mar.jpg 1440w, https:\/\/www.worldmoments.org\/wp-content\/uploads\/2018\/02\/cartagena_cafe_del_mar-300x169.jpg 300w, https:\/\/www.worldmoments.org\/wp-content\/uploads\/2018\/02\/cartagena_cafe_del_mar-768x432.jpg 768w, https:\/\/www.worldmoments.org\/wp-content\/uploads\/2018\/02\/cartagena_cafe_del_mar-1024x576.jpg 1024w\" sizes=\"(max-width: 1440px) 100vw, 1440px\" \/><p id=\"caption-attachment-9422\" class=\"wp-caption-text\">Cartagena tourism &#8211; Cafe del Mar: A place to enjoy a drink and the sunset<\/p><\/div>\n<p>&nbsp;<\/p>\n<p>Enjoy Cartagena, drink Coyol palm juice, and try the mojarra fish in coconut juice in the restaurant Acci\u00f3n de Gracias in Getseman\u00ed. Dance champeta in the Basurto bar, try the ceviche of Sinceleyo and don\u2019t leave without enjoying a chilled beer during the sunset at the Cafe del Mar which sits atop the defensive wall. <\/p>\n<p>&nbsp;<\/p>\n<p>As you can see, Cartagena is a very attractive city with a long list of things to do. Here you can watch and read more about Cartagena:<\/p>\n","protected":false},"excerpt":{"rendered":"<p>Cartagena: Welcome to the Colombian Carribean &nbsp; olombia &#8211; Cartagena is a historical and cosmopolitan city located in the Colombian Carribean, and one of the main touristic destinations of Colombia. Cartagena boasts a warm climate every day of the year with a m\u00ednimum temperatura of&#8230;<\/p>\n","protected":false},"author":1,"featured_media":9447,"parent":8268,"menu_order":0,"comment_status":"closed","ping_status":"closed","template":"blog-masonry.php","meta":[],"acf":[],"yoast_head":"<!-- This site is optimized with the Yoast SEO plugin v20.7 - https:\/\/yoast.com\/wordpress\/plugins\/seo\/ -->\n<title>Cartagena Tourism &raquo; Colombia &raquo; Worldmoments<\/title>\n<meta name=\"description\" content=\"See all about tourism in Cartagena, a historic and cosmopolitan city located in the Caribbean and the main tourist destination in Colombia.\" \/>\n<meta name=\"robots\" content=\"index, follow, max-snippet:-1, max-image-preview:large, max-video-preview:-1\" \/>\n<link rel=\"canonical\" href=\"https:\/\/www.worldmoments.org\/en\/colombia\/cartagena-tourism\/\" \/>\n<meta property=\"og:locale\" content=\"en_US\" \/>\n<meta property=\"og:type\" content=\"article\" \/>\n<meta property=\"og:title\" content=\"Cartagena Tourism &raquo; Colombia &raquo; Worldmoments\" \/>\n<meta property=\"og:description\" content=\"See all about tourism in Cartagena, a historic and cosmopolitan city located in the Caribbean and the main tourist destination in Colombia.\" \/>\n<meta property=\"og:url\" content=\"https:\/\/www.worldmoments.org\/en\/colombia\/cartagena-tourism\/\" \/>\n<meta property=\"og:site_name\" content=\"Worldmoments\" \/>\n<meta property=\"article:publisher\" content=\"https:\/\/www.facebook.com\/worldmoments.org\/\" \/>\n<meta property=\"article:modified_time\" content=\"2020-12-04T10:56:34+00:00\" \/>\n<meta property=\"og:image\" content=\"https:\/\/www.worldmoments.org\/wp-content\/uploads\/2018\/02\/cartagena_centro_historico2.jpg\" \/>\n<meta name=\"twitter:card\" content=\"summary_large_image\" \/>\n<meta name=\"twitter:label1\" content=\"Est. reading time\" \/>\n\t<meta name=\"twitter:data1\" content=\"6 minutes\" \/>\n<script type=\"application\/ld+json\" class=\"yoast-schema-graph\">{\"@context\":\"https:\/\/schema.org\",\"@graph\":[{\"@type\":\"WebPage\",\"@id\":\"https:\/\/www.worldmoments.org\/en\/colombia\/cartagena-tourism\/\",\"url\":\"https:\/\/www.worldmoments.org\/en\/colombia\/cartagena-tourism\/\",\"name\":\"Cartagena Tourism &raquo; Colombia &raquo; Worldmoments\",\"isPartOf\":{\"@id\":\"https:\/\/www.worldmoments.org\/en\/#website\"},\"datePublished\":\"2018-01-13T22:44:39+00:00\",\"dateModified\":\"2020-12-04T10:56:34+00:00\",\"description\":\"See all about tourism in Cartagena, a historic and cosmopolitan city located in the Caribbean and the main tourist destination in Colombia.\",\"breadcrumb\":{\"@id\":\"https:\/\/www.worldmoments.org\/en\/colombia\/cartagena-tourism\/#breadcrumb\"},\"inLanguage\":\"en-US\",\"potentialAction\":[{\"@type\":\"ReadAction\",\"target\":[\"https:\/\/www.worldmoments.org\/en\/colombia\/cartagena-tourism\/\"]}]},{\"@type\":\"BreadcrumbList\",\"@id\":\"https:\/\/www.worldmoments.org\/en\/colombia\/cartagena-tourism\/#breadcrumb\",\"itemListElement\":[{\"@type\":\"ListItem\",\"position\":1,\"name\":\"Startseite\",\"item\":\"https:\/\/www.worldmoments.org\/en\/\"},{\"@type\":\"ListItem\",\"position\":2,\"name\":\"COLOMBIA\",\"item\":\"https:\/\/www.worldmoments.org\/en\/colombia\/\"},{\"@type\":\"ListItem\",\"position\":3,\"name\":\"Cartagena Tourism\"}]},{\"@type\":\"WebSite\",\"@id\":\"https:\/\/www.worldmoments.org\/en\/#website\",\"url\":\"https:\/\/www.worldmoments.org\/en\/\",\"name\":\"Worldmoments\",\"description\":\"The world from a new perspective.\",\"publisher\":{\"@id\":\"https:\/\/www.worldmoments.org\/en\/#organization\"},\"potentialAction\":[{\"@type\":\"SearchAction\",\"target\":{\"@type\":\"EntryPoint\",\"urlTemplate\":\"https:\/\/www.worldmoments.org\/en\/?s={search_term_string}\"},\"query-input\":\"required name=search_term_string\"}],\"inLanguage\":\"en-US\"},{\"@type\":\"Organization\",\"@id\":\"https:\/\/www.worldmoments.org\/en\/#organization\",\"name\":\"WorldMoments\",\"url\":\"https:\/\/www.worldmoments.org\/en\/\",\"logo\":{\"@type\":\"ImageObject\",\"inLanguage\":\"en-US\",\"@id\":\"https:\/\/www.worldmoments.org\/en\/#\/schema\/logo\/image\/\",\"url\":\"https:\/\/www.worldmoments.org\/wp-content\/uploads\/2018\/01\/worldmoments_logo_darkblue_small.png\",\"contentUrl\":\"https:\/\/www.worldmoments.org\/wp-content\/uploads\/2018\/01\/worldmoments_logo_darkblue_small.png\",\"width\":219,\"height\":20,\"caption\":\"WorldMoments\"},\"image\":{\"@id\":\"https:\/\/www.worldmoments.org\/en\/#\/schema\/logo\/image\/\"},\"sameAs\":[\"https:\/\/www.facebook.com\/worldmoments.org\/\",\"https:\/\/www.youtube.com\/worldmoments\"]}]}<\/script>\n<!-- \/ Yoast SEO plugin. -->","yoast_head_json":{"title":"Cartagena Tourism &raquo; Colombia &raquo; Worldmoments","description":"See all about tourism in Cartagena, a historic and cosmopolitan city located in the Caribbean and the main tourist destination in Colombia.","robots":{"index":"index","follow":"follow","max-snippet":"max-snippet:-1","max-image-preview":"max-image-preview:large","max-video-preview":"max-video-preview:-1"},"canonical":"https:\/\/www.worldmoments.org\/en\/colombia\/cartagena-tourism\/","og_locale":"en_US","og_type":"article","og_title":"Cartagena Tourism &raquo; Colombia &raquo; Worldmoments","og_description":"See all about tourism in Cartagena, a historic and cosmopolitan city located in the Caribbean and the main tourist destination in Colombia.","og_url":"https:\/\/www.worldmoments.org\/en\/colombia\/cartagena-tourism\/","og_site_name":"Worldmoments","article_publisher":"https:\/\/www.facebook.com\/worldmoments.org\/","article_modified_time":"2020-12-04T10:56:34+00:00","og_image":[{"url":"https:\/\/www.worldmoments.org\/wp-content\/uploads\/2018\/02\/cartagena_centro_historico2.jpg"}],"twitter_card":"summary_large_image","twitter_misc":{"Est. reading time":"6 minutes"},"schema":{"@context":"https:\/\/schema.org","@graph":[{"@type":"WebPage","@id":"https:\/\/www.worldmoments.org\/en\/colombia\/cartagena-tourism\/","url":"https:\/\/www.worldmoments.org\/en\/colombia\/cartagena-tourism\/","name":"Cartagena Tourism &raquo; Colombia &raquo; Worldmoments","isPartOf":{"@id":"https:\/\/www.worldmoments.org\/en\/#website"},"datePublished":"2018-01-13T22:44:39+00:00","dateModified":"2020-12-04T10:56:34+00:00","description":"See all about tourism in Cartagena, a historic and cosmopolitan city located in the Caribbean and the main tourist destination in Colombia.","breadcrumb":{"@id":"https:\/\/www.worldmoments.org\/en\/colombia\/cartagena-tourism\/#breadcrumb"},"inLanguage":"en-US","potentialAction":[{"@type":"ReadAction","target":["https:\/\/www.worldmoments.org\/en\/colombia\/cartagena-tourism\/"]}]},{"@type":"BreadcrumbList","@id":"https:\/\/www.worldmoments.org\/en\/colombia\/cartagena-tourism\/#breadcrumb","itemListElement":[{"@type":"ListItem","position":1,"name":"Startseite","item":"https:\/\/www.worldmoments.org\/en\/"},{"@type":"ListItem","position":2,"name":"COLOMBIA","item":"https:\/\/www.worldmoments.org\/en\/colombia\/"},{"@type":"ListItem","position":3,"name":"Cartagena Tourism"}]},{"@type":"WebSite","@id":"https:\/\/www.worldmoments.org\/en\/#website","url":"https:\/\/www.worldmoments.org\/en\/","name":"Worldmoments","description":"The world from a new perspective.","publisher":{"@id":"https:\/\/www.worldmoments.org\/en\/#organization"},"potentialAction":[{"@type":"SearchAction","target":{"@type":"EntryPoint","urlTemplate":"https:\/\/www.worldmoments.org\/en\/?s={search_term_string}"},"query-input":"required name=search_term_string"}],"inLanguage":"en-US"},{"@type":"Organization","@id":"https:\/\/www.worldmoments.org\/en\/#organization","name":"WorldMoments","url":"https:\/\/www.worldmoments.org\/en\/","logo":{"@type":"ImageObject","inLanguage":"en-US","@id":"https:\/\/www.worldmoments.org\/en\/#\/schema\/logo\/image\/","url":"https:\/\/www.worldmoments.org\/wp-content\/uploads\/2018\/01\/worldmoments_logo_darkblue_small.png","contentUrl":"https:\/\/www.worldmoments.org\/wp-content\/uploads\/2018\/01\/worldmoments_logo_darkblue_small.png","width":219,"height":20,"caption":"WorldMoments"},"image":{"@id":"https:\/\/www.worldmoments.org\/en\/#\/schema\/logo\/image\/"},"sameAs":["https:\/\/www.facebook.com\/worldmoments.org\/","https:\/\/www.youtube.com\/worldmoments"]}]}},"_links":{"self":[{"href":"https:\/\/www.worldmoments.org\/en\/wp-json\/wp\/v2\/pages\/8175"}],"collection":[{"href":"https:\/\/www.worldmoments.org\/en\/wp-json\/wp\/v2\/pages"}],"about":[{"href":"https:\/\/www.worldmoments.org\/en\/wp-json\/wp\/v2\/types\/page"}],"author":[{"embeddable":true,"href":"https:\/\/www.worldmoments.org\/en\/wp-json\/wp\/v2\/users\/1"}],"replies":[{"embeddable":true,"href":"https:\/\/www.worldmoments.org\/en\/wp-json\/wp\/v2\/comments?post=8175"}],"version-history":[{"count":18,"href":"https:\/\/www.worldmoments.org\/en\/wp-json\/wp\/v2\/pages\/8175\/revisions"}],"predecessor-version":[{"id":14562,"href":"https:\/\/www.worldmoments.org\/en\/wp-json\/wp\/v2\/pages\/8175\/revisions\/14562"}],"up":[{"embeddable":true,"href":"https:\/\/www.worldmoments.org\/en\/wp-json\/wp\/v2\/pages\/8268"}],"wp:featuredmedia":[{"embeddable":true,"href":"https:\/\/www.worldmoments.org\/en\/wp-json\/wp\/v2\/media\/9447"}],"wp:attachment":[{"href":"https:\/\/www.worldmoments.org\/en\/wp-json\/wp\/v2\/media?parent=8175"}],"curies":[{"name":"wp","href":"https:\/\/api.w.org\/{rel}","templated":true}]}}