{"id":9675,"date":"2018-07-30T22:24:46","date_gmt":"2018-07-30T20:24:46","guid":{"rendered":"https:\/\/www.worldmoments.org\/?page_id=9675"},"modified":"2021-12-11T01:29:59","modified_gmt":"2021-12-11T00:29:59","slug":"tourism-in-medellin","status":"publish","type":"page","link":"https:\/\/www.worldmoments.org\/en\/colombia\/tourism-in-medellin\/","title":{"rendered":"Tourism in Medellin"},"content":{"rendered":"[vc_row row_type=&#8221;row&#8221; text_align=&#8221;left&#8221; css_animation=&#8221;&#8221;][vc_column][vc_column_text]\n<h2>Medellin: Tourism in Colombia &#8211; Welcome<\/h2>\n<p>&nbsp;<br \/>\n<span class='q_dropcap ' style=''>M<\/span>edell\u00edn is an attractive city for tourism. Why is that? It&#8217;s because Medellin is a city known for its innovating spirit and welcoming people, as well as for its lovely average temperature of 22\u00b0centigrade, meaning you won&#8217;t have to beat suffocating heat, nor cold. This is why this city is known in Colombia as the &#8220;City of Eternal Spring,&#8221; this city that enjoys a lovely, temperate climate for the entire year. But you won&#8217;t only feel at home because of the climate &#8211; the people of Medellin are kind, generous and very funny, so we&#8217;re sure you&#8217;ll want to come back time and time again. Because of this, the city of Medellin has also been called the City of Open Doors. There&#8217;s no doubt that tourists will like Medellin and its surroundings, for you will feel at home.<\/p>\n<p>&nbsp;<\/p>\n<div class=\"codespacing_progress_map_area cspm_linear_gradient_bg\" data-map-id=\"map8634\" data-show-infobox=\"true\" data-infobox-display-event=\"onload\" ><input type=\"hidden\" name=\"cspm_map_page_id_map8634\" id=\"cspm_map_page_id_map8634\" value=\"9675\" \/><div class=\"layout_container mu-cd\" data-map-id=\"map8634\"><div class=\"map-container\" data-map-id=\"map8634\" style=\"width: 100%;\"><div class=\"cspm-col-lg-12 cspm-col-xs-12 cspm-col-sm-12 cspm-col-md-12\" data-map-id=\"map8634\" style=\"position:relative; overflow:hidden; margin:0; padding:0;\"><div class=\"cspm_custom_controls\" data-map-id=\"map8634\"><div class=\"cspm_map_red_msg_widget cspm_border_shadow cspm_border_radius\" data-map-id=\"map8634\"><\/div><div class=\"cspm_map_green_msg_widget cspm_border_shadow cspm_border_radius\" data-map-id=\"map8634\"><\/div><div class=\"cspm_map_orange_msg_widget cspm_border_shadow cspm_border_radius\" data-map-id=\"map8634\"><\/div><div class=\"cspm_map_blue_msg_widget cspm_border_shadow cspm_border_radius\" data-map-id=\"map8634\"><\/div><div class=\"cspm_map_help_msg_widget cspm_border_shadow cspm_border_radius\" data-map-id=\"map8634\"><\/div><div id=\"pulsating_holder\" class=\"map8634_pulsating\"><div class=\"dot cspm_border_hex\"><\/div><\/div><div class=\"cspm_zoom_container\"><div class=\"cspm_zoom_in_map8634 cspm_map_btn cspm_zoom_in_control cspm_bg_rgb_hover cspm_border_shadow cspm_border_top_radius\" title=\"Zoom in\"><img class=\"cspm_svg cspm_svg_white\" src=\"https:\/\/www.worldmoments.org\/wp-content\/plugins\/codespacing-progress-map\/img\/svg\/addition-sign.svg\" \/><\/div><div class=\"cspm_zoom_out_map8634 cspm_map_btn cspm_zoom_out_control cspm_bg_rgb_hover cspm_border_shadow cspm_border_bottom_radius\" title=\"Zoom out\"><img class=\"cspm_svg cspm_svg_white\" src=\"https:\/\/www.worldmoments.org\/wp-content\/plugins\/codespacing-progress-map\/img\/svg\/minus-sign.svg\" \/><\/div><\/div><div class=\"cluster_posts_widget_map8634 cspm_border_shadow cspm_border_radius\"><div class=\"cspm_infobox_spinner cspm_border_top_after_hex\"><\/div><\/div><div class=\"cspm_recenter_map_btn cspm_map_btn cspm_border_shadow cspm_border_radius\" data-map-id=\"map8634\" title=\"Recenter the map\" style=\"top:115px\"><img class=\"cspm_svg cspm_svg_colored\" src=\"https:\/\/www.worldmoments.org\/wp-content\/plugins\/codespacing-progress-map\/img\/svg\/recenter.svg\" \/><\/div><div class=\"cspm_map_sidebars\" data-map-id=\"map8634\"><div class=\"cspm_sidebar top\" data-map-id=\"map8634\" data-content_id=\"\"><\/div><div class=\"cspm_sidebar right\" data-map-id=\"map8634\" data-content_id=\"\"><\/div><div class=\"cspm_sidebar bottom\" data-map-id=\"map8634\" data-content_id=\"\"><\/div><div class=\"cspm_sidebar left\" data-map-id=\"map8634\" data-content_id=\"\"><\/div><\/div><\/div><div id=\"codespacing_progress_map_div_map8634\" data-map-id=\"map8634\" style=\"height:430px;\"><\/div><\/div><\/div><div class=\"carousel-container\" data-map-id=\"map8634\" style=\"\"><div id=\"cspm_carousel_container\" data-map-id=\"map8634\" data-carousel-mode=\"false\"\r\n                class=\"cspm-swiper  cspm-col-lg-12 cspm-col-xs-12 cspm-col-sm-12 cspm-col-md-12\" \r\n                style=\"height:170px;\"><div id=\"cspm_carousel_map8634\" class=\"swiper-wrapper\" data-map-id=\"map8634\" data-carousel-mode=\"false\"><\/div><div class=\"cspm-swiper-button-prev\"><\/div><div class=\"cspm-swiper-button-next\"><\/div><\/div><\/div><\/div><\/div>\n<p>&nbsp;<\/p>\n<p>&nbsp;<\/p>\n<h3>How to get to Medellin?<\/h3>\n<p>To get to Medellin, if you&#8217;re coming from outside of Colombia, the best option is to first go to the capital, Bogot\u00e1 &#8211; Colombia, and from the Bus Terminal of Bogot\u00e1 you can take a bus that will bring you here in 8 hours. This costs around 34 USD for a return ticket; trust me that you will have a pleasant journey because, travelling like this, you will have the opportunity to admire beautiful landscapes and see the less well-known places that can be found on the way to Medellin, as can be seen on our map. And if you prefer to go by plane, you can get a ticket for approximately 40 USD return, depending on the season and the airline you choose.<\/p>\n<p>&nbsp;<br \/>\n&nbsp;<\/p>\n<h3>Arrived in Medellin: Tourism in the City of Eternal Spring!<\/h3>\n<p>In general, when we get to a new place, we look for the center of the city so that we can orient ourselves and move around more easily within the city. In Medellin, there are two ground transport Terminals and two airports. Here are all the possible options to get to the city center:<\/p>\n<p>&nbsp;<\/p>\n<h4>Transport Terminals<\/h4>\n<p>If you decide to travel by land and you arrive at the North Terminal, you can take go by taxi (about a 20 minute trip,<br \/>\n8 USD) to the city center, or you can take the Metro from the Caribe Station. Similarly, if you arrive at the South Terminal, you can also take a taxi (about a 15 minute trip with good traffic, for around 7 USD), or you can take the Metro, which connects with this Terminal in the El Poblado Station, and in 10 minutes and for less than 1 USD, you&#8217;ll arrive in the center. For either of the Metro routes described above, get off the Metro at Parque Berrio Station.<\/p>\n<p>&nbsp;<\/p>\n<h4>Airports<\/h4>\n<p>Medellin also has 2 airports, which are the Enrique Olaya Herrera Airport and the Jos\u00e9 Mar\u00eda C\u00f3rdoba Airport. So, be sure you know which airport you arrive at! Most of the tourists who come to Medellin do so by plane.<\/p>\n<p>&nbsp;<\/p>\n<p>If you arrive at the Jos\u00e9 Mar\u00eda C\u00f3rdoba Airport, located in the Rio Negro (Black River) just outside of Medellin, it will take about an hour to get to the city center. The easiest and most affordable way to get to the center is to take one of the buses that you will find easily at the exit of the airport, which will cost you only around 3.50 USD and will drop you in the San Diego area of Medellin. Now, if you arrive at the Enrique Olaya Herrera Airport, it&#8217;s a lot simpler because this airport is much closer to the El Poblado Station of the Metro, of you can take a taxi if you prefer.<\/p>\n<p>&nbsp;<\/p>\n<p>&nbsp;<\/p>\n<h3>History of Medellin: The Age of Narcotrafficking<\/h3>\n<p>It&#8217;s no secret that, in all of Colombia and especially in Medellin, the people lived through very difficult times as a result of one of the most infamous criminals in the history of the world: Pablo Escobar. When Escobar was 27 years old, in the late 60&#8217;s, he broke into the underworld of the contraband production and supply of cocaine, the peak of which would come in the early 80&#8217;s.<\/p>\n<p>&nbsp;<\/p>\n<p>With the intention of changing the fear of narcotrafficking that was already present in Colombia, Escobar commissioned charity works for underprivileged, poor citizens, and founded a neighbourhood that bears his name to this day. In this way, he earned the respect and support of those who received his charity, as well as the votes with which he became a representativve in the Chamber of National Congress in the year 1982.<br \/>\n&nbsp;<br \/>\n<div id=\"attachment_9522\" style=\"width: 1450px\" class=\"wp-caption alignnone\"><img aria-describedby=\"caption-attachment-9522\" decoding=\"async\" src=\"https:\/\/www.worldmoments.org\/wp-content\/uploads\/2018\/02\/medellin_casa_de_la_memoria.jpg\" alt=\"museum the house of memoria medell\u00edn  \" width=\"1440\" height=\"810\" class=\"size-full wp-image-9522\" srcset=\"https:\/\/www.worldmoments.org\/wp-content\/uploads\/2018\/02\/medellin_casa_de_la_memoria.jpg 1440w, https:\/\/www.worldmoments.org\/wp-content\/uploads\/2018\/02\/medellin_casa_de_la_memoria-300x169.jpg 300w, https:\/\/www.worldmoments.org\/wp-content\/uploads\/2018\/02\/medellin_casa_de_la_memoria-1024x576.jpg 1024w, https:\/\/www.worldmoments.org\/wp-content\/uploads\/2018\/02\/medellin_casa_de_la_memoria-768x432.jpg 768w, https:\/\/www.worldmoments.org\/wp-content\/uploads\/2018\/02\/medellin_casa_de_la_memoria-267x150.jpg 267w, https:\/\/www.worldmoments.org\/wp-content\/uploads\/2018\/02\/medellin_casa_de_la_memoria-213x120.jpg 213w\" sizes=\"(max-width: 1440px) 100vw, 1440px\" \/><p id=\"caption-attachment-9522\" class=\"wp-caption-text\">Medellin Tourism &#8211; The House of Memoria: where tourists can discover the history of Medellin.<\/p><\/div>\n<p>&nbsp;<\/p>\n<h4>The Medellin Cartel<\/h4>\n<p>In that same decade, the 80&#8217;s, Pablo decided to found the feared Medellin Cartel, driving the Colombian State to its knees with blood and terror. He did this with allies Gonzalo Rodr\u00edguez Gacha, Carlos Lehder and Jorge Luis Ochoa. Some of the bloodiest attacks of this Cartel were the taking of the Palace of Justice in Bogot\u00e1 in the year 1985, the bombing of an airplane of the airline &#8220;Avianca&#8221; while it flew, in 1989, and the powerful explosives used in the Administrative Department of Security building, also in 1989, among many more.<\/p>\n<p>&nbsp;<\/p>\n<p>Thanks to the search block that the Colombian government organized, the heads of different Cartels were eliminated, one by one, as well as their sicarios, very few of whom survived; one such survivor is Jhon Jairo P\u00e9rez, A.K.A. &#8220;Popeye&#8221;. The death of Pablo Escobar came in 1993, in Medellin, when he was shot three times.<br \/>\n&nbsp;<br \/>\n&nbsp;<\/p>\n<h3>The new Medellin: The Foundation for Medellin Tourism<\/h3>\n<p>&nbsp;<br \/>\n<div id=\"attachment_9524\" style=\"width: 1450px\" class=\"wp-caption alignnone\"><img aria-describedby=\"caption-attachment-9524\" decoding=\"async\" src=\"https:\/\/www.worldmoments.org\/wp-content\/uploads\/2018\/02\/medellin_el_poblado.jpg\" alt=\"medellin el poblado panoramica view\" width=\"1440\" height=\"810\" class=\"size-full wp-image-9524\" srcset=\"https:\/\/www.worldmoments.org\/wp-content\/uploads\/2018\/02\/medellin_el_poblado.jpg 1440w, https:\/\/www.worldmoments.org\/wp-content\/uploads\/2018\/02\/medellin_el_poblado-300x169.jpg 300w, https:\/\/www.worldmoments.org\/wp-content\/uploads\/2018\/02\/medellin_el_poblado-1024x576.jpg 1024w, https:\/\/www.worldmoments.org\/wp-content\/uploads\/2018\/02\/medellin_el_poblado-768x432.jpg 768w, https:\/\/www.worldmoments.org\/wp-content\/uploads\/2018\/02\/medellin_el_poblado-267x150.jpg 267w, https:\/\/www.worldmoments.org\/wp-content\/uploads\/2018\/02\/medellin_el_poblado-213x120.jpg 213w\" sizes=\"(max-width: 1440px) 100vw, 1440px\" \/><p id=\"caption-attachment-9524\" class=\"wp-caption-text\">Tourism in Medellin &#8211; El Poblado is the center of nightlife<\/p><\/div>\n<p>&nbsp;<br \/>\nAfter the nightmare that the citizens of Medellin and Colombia lived through, today Medellin smiles. The nightlife is thriving and tourists in Medellin can enjoy its tranquil ambiance. You can see this reflected in its people, always smiling, always friendly, optimistic and proud to be &#8220;Paisas&#8221; &#8211; the fear of the past has been replaced by pride of their city and its growth. This is the new Medellin, an innovative city that always keeps its doors open to receive us, you and me, as guests.<br \/>\n&nbsp;<br \/>\nAnd now that you know a little about Medellin, do you think that it&#8217;s a city worth experiencing and enjoying?[\/vc_column_text][\/vc_column][\/vc_row][vc_row row_type=&#8221;row&#8221; text_align=&#8221;left&#8221; css_animation=&#8221;&#8221;][vc_column][vc_empty_space][\/vc_column][\/vc_row]\n","protected":false},"excerpt":{"rendered":"<p>[vc_row row_type=&#8221;row&#8221; text_align=&#8221;left&#8221; css_animation=&#8221;&#8221;][vc_column][vc_column_text] Medellin: Tourism in Colombia &#8211; Welcome &nbsp; edell\u00edn is an attractive city for tourism. Why is that? It&#8217;s because Medellin is a city known for its innovating spirit and welcoming people, as well as for its lovely average temperature of 22\u00b0centigrade,&#8230;<\/p>\n","protected":false},"author":1,"featured_media":0,"parent":8268,"menu_order":0,"comment_status":"closed","ping_status":"closed","template":"blog-masonry.php","meta":[],"acf":[],"yoast_head":"<!-- This site is optimized with the Yoast SEO plugin v20.7 - https:\/\/yoast.com\/wordpress\/plugins\/seo\/ -->\n<title>Tourism in Medellin &raquo; Worldmoments<\/title>\n<meta name=\"description\" content=\"Medellin is an attractive city for tourism. Why&#039;s that? There&#039;s no doubt that you&#039;ll love visiting Medellin because you&#039;ll feel at home here.\" \/>\n<meta name=\"robots\" content=\"index, follow, max-snippet:-1, max-image-preview:large, max-video-preview:-1\" \/>\n<link rel=\"canonical\" href=\"https:\/\/www.worldmoments.org\/en\/colombia\/tourism-in-medellin\/\" \/>\n<meta property=\"og:locale\" content=\"en_US\" \/>\n<meta property=\"og:type\" content=\"article\" \/>\n<meta property=\"og:title\" content=\"Tourism in Medellin &raquo; Worldmoments\" \/>\n<meta property=\"og:description\" content=\"Medellin is an attractive city for tourism. Why&#039;s that? There&#039;s no doubt that you&#039;ll love visiting Medellin because you&#039;ll feel at home here.\" \/>\n<meta property=\"og:url\" content=\"https:\/\/www.worldmoments.org\/en\/colombia\/tourism-in-medellin\/\" \/>\n<meta property=\"og:site_name\" content=\"Worldmoments\" \/>\n<meta property=\"article:publisher\" content=\"https:\/\/www.facebook.com\/worldmoments.org\/\" \/>\n<meta property=\"article:modified_time\" content=\"2021-12-11T00:29:59+00:00\" \/>\n<meta property=\"og:image\" content=\"https:\/\/www.worldmoments.org\/wp-content\/uploads\/2018\/02\/medellin_casa_de_la_memoria.jpg\" \/>\n<meta name=\"twitter:card\" content=\"summary_large_image\" \/>\n<meta name=\"twitter:label1\" content=\"Est. reading time\" \/>\n\t<meta name=\"twitter:data1\" content=\"6 minutes\" \/>\n<script type=\"application\/ld+json\" class=\"yoast-schema-graph\">{\"@context\":\"https:\/\/schema.org\",\"@graph\":[{\"@type\":\"WebPage\",\"@id\":\"https:\/\/www.worldmoments.org\/en\/colombia\/tourism-in-medellin\/\",\"url\":\"https:\/\/www.worldmoments.org\/en\/colombia\/tourism-in-medellin\/\",\"name\":\"Tourism in Medellin &raquo; Worldmoments\",\"isPartOf\":{\"@id\":\"https:\/\/www.worldmoments.org\/en\/#website\"},\"datePublished\":\"2018-07-30T20:24:46+00:00\",\"dateModified\":\"2021-12-11T00:29:59+00:00\",\"description\":\"Medellin is an attractive city for tourism. Why's that? There's no doubt that you'll love visiting Medellin because you'll feel at home here.\",\"breadcrumb\":{\"@id\":\"https:\/\/www.worldmoments.org\/en\/colombia\/tourism-in-medellin\/#breadcrumb\"},\"inLanguage\":\"en-US\",\"potentialAction\":[{\"@type\":\"ReadAction\",\"target\":[\"https:\/\/www.worldmoments.org\/en\/colombia\/tourism-in-medellin\/\"]}]},{\"@type\":\"BreadcrumbList\",\"@id\":\"https:\/\/www.worldmoments.org\/en\/colombia\/tourism-in-medellin\/#breadcrumb\",\"itemListElement\":[{\"@type\":\"ListItem\",\"position\":1,\"name\":\"Startseite\",\"item\":\"https:\/\/www.worldmoments.org\/en\/\"},{\"@type\":\"ListItem\",\"position\":2,\"name\":\"COLOMBIA\",\"item\":\"https:\/\/www.worldmoments.org\/en\/colombia\/\"},{\"@type\":\"ListItem\",\"position\":3,\"name\":\"Tourism in Medellin\"}]},{\"@type\":\"WebSite\",\"@id\":\"https:\/\/www.worldmoments.org\/en\/#website\",\"url\":\"https:\/\/www.worldmoments.org\/en\/\",\"name\":\"Worldmoments\",\"description\":\"The world from a new perspective.\",\"publisher\":{\"@id\":\"https:\/\/www.worldmoments.org\/en\/#organization\"},\"potentialAction\":[{\"@type\":\"SearchAction\",\"target\":{\"@type\":\"EntryPoint\",\"urlTemplate\":\"https:\/\/www.worldmoments.org\/en\/?s={search_term_string}\"},\"query-input\":\"required name=search_term_string\"}],\"inLanguage\":\"en-US\"},{\"@type\":\"Organization\",\"@id\":\"https:\/\/www.worldmoments.org\/en\/#organization\",\"name\":\"WorldMoments\",\"url\":\"https:\/\/www.worldmoments.org\/en\/\",\"logo\":{\"@type\":\"ImageObject\",\"inLanguage\":\"en-US\",\"@id\":\"https:\/\/www.worldmoments.org\/en\/#\/schema\/logo\/image\/\",\"url\":\"https:\/\/www.worldmoments.org\/wp-content\/uploads\/2018\/01\/worldmoments_logo_darkblue_small.png\",\"contentUrl\":\"https:\/\/www.worldmoments.org\/wp-content\/uploads\/2018\/01\/worldmoments_logo_darkblue_small.png\",\"width\":219,\"height\":20,\"caption\":\"WorldMoments\"},\"image\":{\"@id\":\"https:\/\/www.worldmoments.org\/en\/#\/schema\/logo\/image\/\"},\"sameAs\":[\"https:\/\/www.facebook.com\/worldmoments.org\/\",\"https:\/\/www.youtube.com\/worldmoments\"]}]}<\/script>\n<!-- \/ Yoast SEO plugin. -->","yoast_head_json":{"title":"Tourism in Medellin &raquo; Worldmoments","description":"Medellin is an attractive city for tourism. Why's that? There's no doubt that you'll love visiting Medellin because you'll feel at home here.","robots":{"index":"index","follow":"follow","max-snippet":"max-snippet:-1","max-image-preview":"max-image-preview:large","max-video-preview":"max-video-preview:-1"},"canonical":"https:\/\/www.worldmoments.org\/en\/colombia\/tourism-in-medellin\/","og_locale":"en_US","og_type":"article","og_title":"Tourism in Medellin &raquo; Worldmoments","og_description":"Medellin is an attractive city for tourism. Why's that? There's no doubt that you'll love visiting Medellin because you'll feel at home here.","og_url":"https:\/\/www.worldmoments.org\/en\/colombia\/tourism-in-medellin\/","og_site_name":"Worldmoments","article_publisher":"https:\/\/www.facebook.com\/worldmoments.org\/","article_modified_time":"2021-12-11T00:29:59+00:00","og_image":[{"url":"https:\/\/www.worldmoments.org\/wp-content\/uploads\/2018\/02\/medellin_casa_de_la_memoria.jpg"}],"twitter_card":"summary_large_image","twitter_misc":{"Est. reading time":"6 minutes"},"schema":{"@context":"https:\/\/schema.org","@graph":[{"@type":"WebPage","@id":"https:\/\/www.worldmoments.org\/en\/colombia\/tourism-in-medellin\/","url":"https:\/\/www.worldmoments.org\/en\/colombia\/tourism-in-medellin\/","name":"Tourism in Medellin &raquo; Worldmoments","isPartOf":{"@id":"https:\/\/www.worldmoments.org\/en\/#website"},"datePublished":"2018-07-30T20:24:46+00:00","dateModified":"2021-12-11T00:29:59+00:00","description":"Medellin is an attractive city for tourism. Why's that? There's no doubt that you'll love visiting Medellin because you'll feel at home here.","breadcrumb":{"@id":"https:\/\/www.worldmoments.org\/en\/colombia\/tourism-in-medellin\/#breadcrumb"},"inLanguage":"en-US","potentialAction":[{"@type":"ReadAction","target":["https:\/\/www.worldmoments.org\/en\/colombia\/tourism-in-medellin\/"]}]},{"@type":"BreadcrumbList","@id":"https:\/\/www.worldmoments.org\/en\/colombia\/tourism-in-medellin\/#breadcrumb","itemListElement":[{"@type":"ListItem","position":1,"name":"Startseite","item":"https:\/\/www.worldmoments.org\/en\/"},{"@type":"ListItem","position":2,"name":"COLOMBIA","item":"https:\/\/www.worldmoments.org\/en\/colombia\/"},{"@type":"ListItem","position":3,"name":"Tourism in Medellin"}]},{"@type":"WebSite","@id":"https:\/\/www.worldmoments.org\/en\/#website","url":"https:\/\/www.worldmoments.org\/en\/","name":"Worldmoments","description":"The world from a new perspective.","publisher":{"@id":"https:\/\/www.worldmoments.org\/en\/#organization"},"potentialAction":[{"@type":"SearchAction","target":{"@type":"EntryPoint","urlTemplate":"https:\/\/www.worldmoments.org\/en\/?s={search_term_string}"},"query-input":"required name=search_term_string"}],"inLanguage":"en-US"},{"@type":"Organization","@id":"https:\/\/www.worldmoments.org\/en\/#organization","name":"WorldMoments","url":"https:\/\/www.worldmoments.org\/en\/","logo":{"@type":"ImageObject","inLanguage":"en-US","@id":"https:\/\/www.worldmoments.org\/en\/#\/schema\/logo\/image\/","url":"https:\/\/www.worldmoments.org\/wp-content\/uploads\/2018\/01\/worldmoments_logo_darkblue_small.png","contentUrl":"https:\/\/www.worldmoments.org\/wp-content\/uploads\/2018\/01\/worldmoments_logo_darkblue_small.png","width":219,"height":20,"caption":"WorldMoments"},"image":{"@id":"https:\/\/www.worldmoments.org\/en\/#\/schema\/logo\/image\/"},"sameAs":["https:\/\/www.facebook.com\/worldmoments.org\/","https:\/\/www.youtube.com\/worldmoments"]}]}},"_links":{"self":[{"href":"https:\/\/www.worldmoments.org\/en\/wp-json\/wp\/v2\/pages\/9675"}],"collection":[{"href":"https:\/\/www.worldmoments.org\/en\/wp-json\/wp\/v2\/pages"}],"about":[{"href":"https:\/\/www.worldmoments.org\/en\/wp-json\/wp\/v2\/types\/page"}],"author":[{"embeddable":true,"href":"https:\/\/www.worldmoments.org\/en\/wp-json\/wp\/v2\/users\/1"}],"replies":[{"embeddable":true,"href":"https:\/\/www.worldmoments.org\/en\/wp-json\/wp\/v2\/comments?post=9675"}],"version-history":[{"count":13,"href":"https:\/\/www.worldmoments.org\/en\/wp-json\/wp\/v2\/pages\/9675\/revisions"}],"predecessor-version":[{"id":15587,"href":"https:\/\/www.worldmoments.org\/en\/wp-json\/wp\/v2\/pages\/9675\/revisions\/15587"}],"up":[{"embeddable":true,"href":"https:\/\/www.worldmoments.org\/en\/wp-json\/wp\/v2\/pages\/8268"}],"wp:attachment":[{"href":"https:\/\/www.worldmoments.org\/en\/wp-json\/wp\/v2\/media?parent=9675"}],"curies":[{"name":"wp","href":"https:\/\/api.w.org\/{rel}","templated":true}]}}