{"id":12830,"date":"2020-03-28T15:20:58","date_gmt":"2020-03-28T14:20:58","guid":{"rendered":"https:\/\/www.worldmoments.org\/?page_id=12830"},"modified":"2020-04-07T22:28:50","modified_gmt":"2020-04-07T20:28:50","slug":"providencia-turismo","status":"publish","type":"page","link":"https:\/\/www.worldmoments.org\/es\/colombia\/providencia-turismo\/","title":{"rendered":"Providencia Turismo"},"content":{"rendered":"<h2>Providencia: Turismo en Colombia<\/h2>\n<p>&nbsp;<br \/>\n<span class='q_dropcap ' style=''>L<\/span>a isla de Providencia es una peque\u00f1a isla perteneciente a <strong>Colombia<\/strong> en el departamento de <strong><a href=\"https:\/\/www.worldmoments.org\/es\/colombia\/san-andres-turismo\/\">San Andr\u00e9s<\/a>, Providencia y Santa Catalina<\/strong>, donde puedes disfrutar de la mejores playas.<br \/>\n&nbsp;<br \/>\nEn esta encantadora isla resalta el verde de su vegetaci\u00f3n y el turquesa del mar, motivo suficiente para visitar esa hermosa isla del Caribe colombiano.<br \/>\n&nbsp;<br \/>\nAl llegar a Providencia podr\u00e1s notar la mezcla africana e inglesa en la cultura de los habitantes de la isla, legado de sus antiguos habitantes colonos y esclavos. Tambi\u00e9n es evidente su estilo de vida rastafari debido a la fuerte influencia que tienen de Hait\u00ed y Jamaica.<br \/>\n&nbsp;<br \/>\n<div id=\"attachment_12487\" style=\"width: 1450px\" class=\"wp-caption alignnone\"><img aria-describedby=\"caption-attachment-12487\" decoding=\"async\" src=\"https:\/\/www.worldmoments.org\/wp-content\/uploads\/2019\/04\/providencia_cayo_cangrejo.jpg\" alt=\"Cayo Cangrejo chica tomando el sol\" width=\"1440\" height=\"810\" class=\"size-full wp-image-12487\" srcset=\"https:\/\/www.worldmoments.org\/wp-content\/uploads\/2019\/04\/providencia_cayo_cangrejo.jpg 1440w, https:\/\/www.worldmoments.org\/wp-content\/uploads\/2019\/04\/providencia_cayo_cangrejo-300x169.jpg 300w, https:\/\/www.worldmoments.org\/wp-content\/uploads\/2019\/04\/providencia_cayo_cangrejo-768x432.jpg 768w, https:\/\/www.worldmoments.org\/wp-content\/uploads\/2019\/04\/providencia_cayo_cangrejo-1024x576.jpg 1024w\" sizes=\"(max-width: 1440px) 100vw, 1440px\" \/><p id=\"caption-attachment-12487\" class=\"wp-caption-text\">Providencia turismo: un para\u00edso para relajarse<\/p><\/div>\n&nbsp;<br \/>\nProvidencia no solo es privilegiado con sus aguas y vegetaci\u00f3n, sino tambi\u00e9n con el idioma que es bien particular, pues aunque su lengua oficial es el espa\u00f1ol, la mayor\u00eda de los habitantes son triling\u00fces. All\u00ed se habla el ingl\u00e9s y el espa\u00f1ol, pero tambi\u00e9n tienen un lenguaje criollo llamado creole que es una lengua oral y no posee un sistema de escritura alfab\u00e9tica.<br \/>\n&nbsp;<br \/>\nLos San Andresanos viven en una lucha constante por un nuevo status pol\u00edtico, esto quiere decir que desean ver su isla independiente de Colombia. Ese impulso independista se debe a que sus habitantes consideran que su econom\u00eda cambiar\u00eda para mejorar; adem\u00e1s su deseo se increment\u00f3 cuando en 2012 la corte Internacional de Justicia, con sede en la Haya, redefini\u00f3 los limites marinos entre Colombia y Nicaragua, cediendo a Nicaragua entre 70.000 y 90.000 kilometros cuadrados de mar.<br \/>\n&nbsp;<br \/>\n<div id=\"attachment_12447\" style=\"width: 1450px\" class=\"wp-caption aligncenter\"><img aria-describedby=\"caption-attachment-12447\" decoding=\"async\" class=\"wp-image-12447 size-full\" src=\"https:\/\/www.worldmoments.org\/wp-content\/uploads\/2019\/04\/providencia_cayo_cangrejo1.jpg\" alt=\"Isla Providencia Cayo Cangrejo\" width=\"1440\" height=\"810\" srcset=\"https:\/\/www.worldmoments.org\/wp-content\/uploads\/2019\/04\/providencia_cayo_cangrejo1.jpg 1440w, https:\/\/www.worldmoments.org\/wp-content\/uploads\/2019\/04\/providencia_cayo_cangrejo1-300x169.jpg 300w, https:\/\/www.worldmoments.org\/wp-content\/uploads\/2019\/04\/providencia_cayo_cangrejo1-1024x576.jpg 1024w, https:\/\/www.worldmoments.org\/wp-content\/uploads\/2019\/04\/providencia_cayo_cangrejo1-768x432.jpg 768w\" sizes=\"(max-width: 1440px) 100vw, 1440px\" \/><p id=\"caption-attachment-12447\" class=\"wp-caption-text\">Providencia turismo: En esta encantadora isla resalta el verde de su vegetaci\u00f3n y el turquesa del mar<\/p><\/div>\n&nbsp;<\/p>\n<h3>Clima de Providencia<\/h3>\n<p>La temperatura en la isla de Providencia varia durante el a\u00f1o entre 20 \u00b0C a 35 \u00b0C . Entre Julio y octubre es la temporada m\u00e1s calurosa, con temperaturas m\u00e1s altas de 30 \u00b0C y la m\u00e1s baja es de 26 \u00b0C , pero de todos modos en Providencia todo el a\u00f1o hace calor, por lo que debes llevar siempre ropa adecuada para climas c\u00e1lidos.<br \/>\n&nbsp;<br \/>\n&nbsp;<\/p>\n<h3>\u00bfC\u00f3mo viajar a Isla Providencia?<\/h3>\n<p>&nbsp;<br \/>\n<div class=\"codespacing_progress_map_area cspm_linear_gradient_bg\" data-map-id=\"map12889\" data-show-infobox=\"true\" data-infobox-display-event=\"onload\" ><input type=\"hidden\" name=\"cspm_map_page_id_map12889\" id=\"cspm_map_page_id_map12889\" value=\"12830\" \/><div class=\"layout_container mu-cd\" data-map-id=\"map12889\"><div class=\"map-container\" data-map-id=\"map12889\" style=\"width: 100%;\"><div class=\"cspm-col-lg-12 cspm-col-xs-12 cspm-col-sm-12 cspm-col-md-12\" data-map-id=\"map12889\" style=\"position:relative; overflow:hidden; margin:0; padding:0;\"><div class=\"cspm_custom_controls\" data-map-id=\"map12889\"><div class=\"cspm_map_red_msg_widget cspm_border_shadow cspm_border_radius\" data-map-id=\"map12889\"><\/div><div class=\"cspm_map_green_msg_widget cspm_border_shadow cspm_border_radius\" data-map-id=\"map12889\"><\/div><div class=\"cspm_map_orange_msg_widget cspm_border_shadow cspm_border_radius\" data-map-id=\"map12889\"><\/div><div class=\"cspm_map_blue_msg_widget cspm_border_shadow cspm_border_radius\" data-map-id=\"map12889\"><\/div><div class=\"cspm_map_help_msg_widget cspm_border_shadow cspm_border_radius\" data-map-id=\"map12889\"><\/div><div id=\"pulsating_holder\" class=\"map12889_pulsating\"><div class=\"dot cspm_border_hex\"><\/div><\/div><div class=\"cspm_zoom_container\"><div class=\"cspm_zoom_in_map12889 cspm_map_btn cspm_zoom_in_control cspm_bg_rgb_hover cspm_border_shadow cspm_border_top_radius\" title=\"Acercarse\"><img class=\"cspm_svg cspm_svg_white\" src=\"https:\/\/www.worldmoments.org\/wp-content\/plugins\/codespacing-progress-map\/img\/svg\/addition-sign.svg\" \/><\/div><div class=\"cspm_zoom_out_map12889 cspm_map_btn cspm_zoom_out_control cspm_bg_rgb_hover cspm_border_shadow cspm_border_bottom_radius\" title=\"Disminuir el zoom\"><img class=\"cspm_svg cspm_svg_white\" src=\"https:\/\/www.worldmoments.org\/wp-content\/plugins\/codespacing-progress-map\/img\/svg\/minus-sign.svg\" \/><\/div><\/div><div class=\"cluster_posts_widget_map12889 cspm_border_shadow cspm_border_radius\"><div class=\"cspm_infobox_spinner cspm_border_top_after_hex\"><\/div><\/div><div class=\"cspm_recenter_map_btn cspm_map_btn cspm_border_shadow cspm_border_radius\" data-map-id=\"map12889\" title=\"Recentrar el mapa\" style=\"top:115px\"><img class=\"cspm_svg cspm_svg_colored\" src=\"https:\/\/www.worldmoments.org\/wp-content\/plugins\/codespacing-progress-map\/img\/svg\/recenter.svg\" \/><\/div><div class=\"cspm_map_sidebars\" data-map-id=\"map12889\"><div class=\"cspm_sidebar top\" data-map-id=\"map12889\" data-content_id=\"\"><\/div><div class=\"cspm_sidebar right\" data-map-id=\"map12889\" data-content_id=\"\"><\/div><div class=\"cspm_sidebar bottom\" data-map-id=\"map12889\" data-content_id=\"\"><\/div><div class=\"cspm_sidebar left\" data-map-id=\"map12889\" data-content_id=\"\"><\/div><\/div><\/div><div id=\"codespacing_progress_map_div_map12889\" data-map-id=\"map12889\" style=\"height:430px;\"><\/div><\/div><\/div><div class=\"carousel-container\" data-map-id=\"map12889\" style=\"\"><div id=\"cspm_carousel_container\" data-map-id=\"map12889\" data-carousel-mode=\"false\"\r\n                class=\"cspm-swiper  cspm-col-lg-12 cspm-col-xs-12 cspm-col-sm-12 cspm-col-md-12\" \r\n                style=\"height:170px;\"><div id=\"cspm_carousel_map12889\" class=\"swiper-wrapper\" data-map-id=\"map12889\" data-carousel-mode=\"false\"><\/div><div class=\"cspm-swiper-button-prev\"><\/div><div class=\"cspm-swiper-button-next\"><\/div><\/div><\/div><\/div><\/div>\n&nbsp;<br \/>\nPara ir a la paradisiaca isla Providencia, tienes dos opciones:<br \/>\n&nbsp;<\/p>\n<h4>En Catamaran<\/h4>\n<p>Es un barco que en 4 horas aproximadamente te lleva de San Andr\u00e9s hacia Providencia. Tiene una capacidad para 60 personas y sale en las ma\u00f1anas, domingo, lunes, mi\u00e9rcoles y viernes y el precio es de aproximadamente USD 80.00 por trayecto, claro est\u00e1 que, si contratas ida y regreso con la misma agencia, te puede salir m\u00e1s econ\u00f3mico.<br \/>\n&nbsp;<br \/>\nHay algo que debes saber sobre el viaje en Catamaran. La mayor\u00eda de las personas que han ido hacia Providencia en este medio de transporte, han sufrido de bastantes mareos y es por eso que al subir al barco te ofrecen una pastilla y bolsas pl\u00e1sticas. Esto depende mucho del clima y de la altura de las olas. \u00a1Por lo menos tu ya lo sabes!<br \/>\n&nbsp;<br \/>\nEn nuestro mapa tur\u00edstico puedes ver el recorrido que har\u00e1s por mar para llegar a Isla Providencia desde San Andr\u00e9s.<br \/>\n&nbsp;<\/p>\n<h4>En Avi\u00f3n<\/h4>\n<p>Puedes viajar en avi\u00f3n comprando con la aerol\u00ednea <a href=\"https:\/\/www.satena.com\">Satena<\/a> a un precio aproximado de UDS 190.00, sabes que el precio var\u00eda dependiendo de la temporada. Esta es la manera m\u00e1s sencilla y r\u00e1pida de llegar a Providencia, en solo 20 minutos ya estar\u00e1s disfrutando de todos los lugares tur\u00edsticos que esta bella isla te puede ofrecer.<br \/>\n&nbsp;<\/p>\n<h3>Isla Santa Catalina<\/h3>\n<p>Esta peque\u00f1a y encantadora isla es conocida por su historia rica en legendarias batallas de piratas. Para llegar a Santa Catalina basta con estar en isla de Providencia y cruzar un puente de madera de 150 metros caminando. Este puente colorido lo llaman el \u00abpuente de los enamorados\u00bb debido a que existe un mito que cuenta que las parejas que crucen juntas en puente, quedar\u00e1n enamorados toda la vida. Para ver mas de Isla Santa Catalina, visitar nuestro articulo Providencia Qu\u00e9 hacer.<br \/>\n&nbsp;<br \/>\n<div id=\"attachment_12441\" style=\"width: 1450px\" class=\"wp-caption aligncenter\"><img aria-describedby=\"caption-attachment-12441\" decoding=\"async\" class=\"wp-image-12441 size-full\" src=\"https:\/\/www.worldmoments.org\/wp-content\/uploads\/2019\/04\/providencia_lovers_bridge1.jpg\" alt=\"Santa Catalina puente de los enamorado foto con dron\" width=\"1440\" height=\"810\" srcset=\"https:\/\/www.worldmoments.org\/wp-content\/uploads\/2019\/04\/providencia_lovers_bridge1.jpg 1440w, https:\/\/www.worldmoments.org\/wp-content\/uploads\/2019\/04\/providencia_lovers_bridge1-300x169.jpg 300w, https:\/\/www.worldmoments.org\/wp-content\/uploads\/2019\/04\/providencia_lovers_bridge1-1024x576.jpg 1024w, https:\/\/www.worldmoments.org\/wp-content\/uploads\/2019\/04\/providencia_lovers_bridge1-768x432.jpg 768w\" sizes=\"(max-width: 1440px) 100vw, 1440px\" \/><p id=\"caption-attachment-12441\" class=\"wp-caption-text\">Para llegar a Santa Catalina basta con estar en isla de Providencia y cruzar un puente de madera de 150 metros caminando<\/p><\/div>\n&nbsp;<\/p>\n<h3>\u00bfD\u00f3nde Hospedarse en Isla Providencia?<\/h3>\n<p>Nuestra recomendaci\u00f3n es en Posada Miss Portia. Un lugar limpio, de anfitriones amables y adem\u00e1s con una ubicaci\u00f3n perfecta ya que se encuentra a unos 4 minutos aproximadamente de una de las playas m\u00e1s bellas de Providencia South West Bay Beach. En esta posada pagas USD 37.00 aproximadamente por habitaci\u00f3n con cama sencilla y USD55.00 aproximadamente por habitaci\u00f3n con cama doble. Los precios var\u00edan seg\u00fan la temporada.<br \/>\n&nbsp;<br \/>\nPosada Miss Mary: Un lugar sencillo y pintoresco, es como algunas personas hablan este hospedaje. El lugar tiene una espectacular vista al mar para disfrutar de los bellos atardeceres de Providencia, cuenta con restaurante del cual se dan muy buenas referencias tambi\u00e9n, adem\u00e1s de ubicarse en un lugar m\u00e1s tranquilo y con un precio m\u00e1s bajo que el anterior.<br \/>\n&nbsp;<br \/>\n\u00bfY t\u00fa te quedar\u00e1s con las ganas de visitar este espectacular para\u00edso?<br \/>\n&nbsp;<br \/>\n&nbsp;<\/p>\n","protected":false},"excerpt":{"rendered":"<p>Providencia: Turismo en Colombia &nbsp; a isla de Providencia es una peque\u00f1a isla perteneciente a Colombia en el departamento de San Andr\u00e9s, Providencia y Santa Catalina, donde puedes disfrutar de la mejores playas. &nbsp; En esta encantadora isla resalta el verde de su vegetaci\u00f3n y&#8230;<\/p>\n","protected":false},"author":2,"featured_media":12447,"parent":23,"menu_order":0,"comment_status":"closed","ping_status":"closed","template":"blog-masonry.php","meta":[],"acf":[],"yoast_head":"<!-- This site is optimized with the Yoast SEO plugin v20.7 - https:\/\/yoast.com\/wordpress\/plugins\/seo\/ -->\n<title>Providencia Turismo &raquo; Worldmoments<\/title>\n<meta name=\"description\" content=\"En isla de Providencia en Colombia en el departamento de San Andr\u00e9s, Providencia y Santa Catalina, podras disfrutar de la mejores playas.\" \/>\n<meta name=\"robots\" content=\"index, follow, max-snippet:-1, max-image-preview:large, max-video-preview:-1\" \/>\n<link rel=\"canonical\" href=\"https:\/\/www.worldmoments.org\/es\/colombia\/providencia-turismo\/\" \/>\n<meta property=\"og:locale\" content=\"es_ES\" \/>\n<meta property=\"og:type\" content=\"article\" \/>\n<meta property=\"og:title\" content=\"Providencia Turismo &raquo; Worldmoments\" \/>\n<meta property=\"og:description\" content=\"En isla de Providencia en Colombia en el departamento de San Andr\u00e9s, Providencia y Santa Catalina, podras disfrutar de la mejores playas.\" \/>\n<meta property=\"og:url\" content=\"https:\/\/www.worldmoments.org\/es\/colombia\/providencia-turismo\/\" \/>\n<meta property=\"og:site_name\" content=\"Worldmoments\" \/>\n<meta property=\"article:publisher\" content=\"https:\/\/www.facebook.com\/worldmoments.org\/\" \/>\n<meta property=\"article:modified_time\" content=\"2020-04-07T20:28:50+00:00\" \/>\n<meta property=\"og:image\" content=\"https:\/\/www.worldmoments.org\/wp-content\/uploads\/2019\/04\/providencia_cayo_cangrejo1.jpg\" \/>\n\t<meta property=\"og:image:width\" content=\"1440\" \/>\n\t<meta property=\"og:image:height\" content=\"810\" \/>\n\t<meta property=\"og:image:type\" content=\"image\/jpeg\" \/>\n<meta name=\"twitter:card\" content=\"summary_large_image\" \/>\n<meta name=\"twitter:label1\" content=\"Tiempo de lectura\" \/>\n\t<meta name=\"twitter:data1\" content=\"5 minutos\" \/>\n<script type=\"application\/ld+json\" class=\"yoast-schema-graph\">{\"@context\":\"https:\/\/schema.org\",\"@graph\":[{\"@type\":\"WebPage\",\"@id\":\"https:\/\/www.worldmoments.org\/es\/colombia\/providencia-turismo\/\",\"url\":\"https:\/\/www.worldmoments.org\/es\/colombia\/providencia-turismo\/\",\"name\":\"Providencia Turismo &raquo; Worldmoments\",\"isPartOf\":{\"@id\":\"https:\/\/www.worldmoments.org\/es\/#website\"},\"datePublished\":\"2020-03-28T14:20:58+00:00\",\"dateModified\":\"2020-04-07T20:28:50+00:00\",\"description\":\"En isla de Providencia en Colombia en el departamento de San Andr\u00e9s, Providencia y Santa Catalina, podras disfrutar de la mejores playas.\",\"breadcrumb\":{\"@id\":\"https:\/\/www.worldmoments.org\/es\/colombia\/providencia-turismo\/#breadcrumb\"},\"inLanguage\":\"es\",\"potentialAction\":[{\"@type\":\"ReadAction\",\"target\":[\"https:\/\/www.worldmoments.org\/es\/colombia\/providencia-turismo\/\"]}]},{\"@type\":\"BreadcrumbList\",\"@id\":\"https:\/\/www.worldmoments.org\/es\/colombia\/providencia-turismo\/#breadcrumb\",\"itemListElement\":[{\"@type\":\"ListItem\",\"position\":1,\"name\":\"Startseite\",\"item\":\"https:\/\/www.worldmoments.org\/es\/\"},{\"@type\":\"ListItem\",\"position\":2,\"name\":\"COLOMBIA\",\"item\":\"https:\/\/www.worldmoments.org\/es\/colombia\/\"},{\"@type\":\"ListItem\",\"position\":3,\"name\":\"Providencia Turismo\"}]},{\"@type\":\"WebSite\",\"@id\":\"https:\/\/www.worldmoments.org\/es\/#website\",\"url\":\"https:\/\/www.worldmoments.org\/es\/\",\"name\":\"Worldmoments\",\"description\":\"The world from a new perspective.\",\"publisher\":{\"@id\":\"https:\/\/www.worldmoments.org\/es\/#organization\"},\"potentialAction\":[{\"@type\":\"SearchAction\",\"target\":{\"@type\":\"EntryPoint\",\"urlTemplate\":\"https:\/\/www.worldmoments.org\/es\/?s={search_term_string}\"},\"query-input\":\"required name=search_term_string\"}],\"inLanguage\":\"es\"},{\"@type\":\"Organization\",\"@id\":\"https:\/\/www.worldmoments.org\/es\/#organization\",\"name\":\"WorldMoments\",\"url\":\"https:\/\/www.worldmoments.org\/es\/\",\"logo\":{\"@type\":\"ImageObject\",\"inLanguage\":\"es\",\"@id\":\"https:\/\/www.worldmoments.org\/es\/#\/schema\/logo\/image\/\",\"url\":\"https:\/\/www.worldmoments.org\/wp-content\/uploads\/2018\/01\/worldmoments_logo_darkblue_small.png\",\"contentUrl\":\"https:\/\/www.worldmoments.org\/wp-content\/uploads\/2018\/01\/worldmoments_logo_darkblue_small.png\",\"width\":219,\"height\":20,\"caption\":\"WorldMoments\"},\"image\":{\"@id\":\"https:\/\/www.worldmoments.org\/es\/#\/schema\/logo\/image\/\"},\"sameAs\":[\"https:\/\/www.facebook.com\/worldmoments.org\/\",\"https:\/\/www.youtube.com\/worldmoments\"]}]}<\/script>\n<!-- \/ Yoast SEO plugin. -->","yoast_head_json":{"title":"Providencia Turismo &raquo; Worldmoments","description":"En isla de Providencia en Colombia en el departamento de San Andr\u00e9s, Providencia y Santa Catalina, podras disfrutar de la mejores playas.","robots":{"index":"index","follow":"follow","max-snippet":"max-snippet:-1","max-image-preview":"max-image-preview:large","max-video-preview":"max-video-preview:-1"},"canonical":"https:\/\/www.worldmoments.org\/es\/colombia\/providencia-turismo\/","og_locale":"es_ES","og_type":"article","og_title":"Providencia Turismo &raquo; Worldmoments","og_description":"En isla de Providencia en Colombia en el departamento de San Andr\u00e9s, Providencia y Santa Catalina, podras disfrutar de la mejores playas.","og_url":"https:\/\/www.worldmoments.org\/es\/colombia\/providencia-turismo\/","og_site_name":"Worldmoments","article_publisher":"https:\/\/www.facebook.com\/worldmoments.org\/","article_modified_time":"2020-04-07T20:28:50+00:00","og_image":[{"width":1440,"height":810,"url":"https:\/\/www.worldmoments.org\/wp-content\/uploads\/2019\/04\/providencia_cayo_cangrejo1.jpg","type":"image\/jpeg"}],"twitter_card":"summary_large_image","twitter_misc":{"Tiempo de lectura":"5 minutos"},"schema":{"@context":"https:\/\/schema.org","@graph":[{"@type":"WebPage","@id":"https:\/\/www.worldmoments.org\/es\/colombia\/providencia-turismo\/","url":"https:\/\/www.worldmoments.org\/es\/colombia\/providencia-turismo\/","name":"Providencia Turismo &raquo; Worldmoments","isPartOf":{"@id":"https:\/\/www.worldmoments.org\/es\/#website"},"datePublished":"2020-03-28T14:20:58+00:00","dateModified":"2020-04-07T20:28:50+00:00","description":"En isla de Providencia en Colombia en el departamento de San Andr\u00e9s, Providencia y Santa Catalina, podras disfrutar de la mejores playas.","breadcrumb":{"@id":"https:\/\/www.worldmoments.org\/es\/colombia\/providencia-turismo\/#breadcrumb"},"inLanguage":"es","potentialAction":[{"@type":"ReadAction","target":["https:\/\/www.worldmoments.org\/es\/colombia\/providencia-turismo\/"]}]},{"@type":"BreadcrumbList","@id":"https:\/\/www.worldmoments.org\/es\/colombia\/providencia-turismo\/#breadcrumb","itemListElement":[{"@type":"ListItem","position":1,"name":"Startseite","item":"https:\/\/www.worldmoments.org\/es\/"},{"@type":"ListItem","position":2,"name":"COLOMBIA","item":"https:\/\/www.worldmoments.org\/es\/colombia\/"},{"@type":"ListItem","position":3,"name":"Providencia Turismo"}]},{"@type":"WebSite","@id":"https:\/\/www.worldmoments.org\/es\/#website","url":"https:\/\/www.worldmoments.org\/es\/","name":"Worldmoments","description":"The world from a new perspective.","publisher":{"@id":"https:\/\/www.worldmoments.org\/es\/#organization"},"potentialAction":[{"@type":"SearchAction","target":{"@type":"EntryPoint","urlTemplate":"https:\/\/www.worldmoments.org\/es\/?s={search_term_string}"},"query-input":"required name=search_term_string"}],"inLanguage":"es"},{"@type":"Organization","@id":"https:\/\/www.worldmoments.org\/es\/#organization","name":"WorldMoments","url":"https:\/\/www.worldmoments.org\/es\/","logo":{"@type":"ImageObject","inLanguage":"es","@id":"https:\/\/www.worldmoments.org\/es\/#\/schema\/logo\/image\/","url":"https:\/\/www.worldmoments.org\/wp-content\/uploads\/2018\/01\/worldmoments_logo_darkblue_small.png","contentUrl":"https:\/\/www.worldmoments.org\/wp-content\/uploads\/2018\/01\/worldmoments_logo_darkblue_small.png","width":219,"height":20,"caption":"WorldMoments"},"image":{"@id":"https:\/\/www.worldmoments.org\/es\/#\/schema\/logo\/image\/"},"sameAs":["https:\/\/www.facebook.com\/worldmoments.org\/","https:\/\/www.youtube.com\/worldmoments"]}]}},"_links":{"self":[{"href":"https:\/\/www.worldmoments.org\/es\/wp-json\/wp\/v2\/pages\/12830"}],"collection":[{"href":"https:\/\/www.worldmoments.org\/es\/wp-json\/wp\/v2\/pages"}],"about":[{"href":"https:\/\/www.worldmoments.org\/es\/wp-json\/wp\/v2\/types\/page"}],"author":[{"embeddable":true,"href":"https:\/\/www.worldmoments.org\/es\/wp-json\/wp\/v2\/users\/2"}],"replies":[{"embeddable":true,"href":"https:\/\/www.worldmoments.org\/es\/wp-json\/wp\/v2\/comments?post=12830"}],"version-history":[{"count":15,"href":"https:\/\/www.worldmoments.org\/es\/wp-json\/wp\/v2\/pages\/12830\/revisions"}],"predecessor-version":[{"id":12996,"href":"https:\/\/www.worldmoments.org\/es\/wp-json\/wp\/v2\/pages\/12830\/revisions\/12996"}],"up":[{"embeddable":true,"href":"https:\/\/www.worldmoments.org\/es\/wp-json\/wp\/v2\/pages\/23"}],"wp:featuredmedia":[{"embeddable":true,"href":"https:\/\/www.worldmoments.org\/es\/wp-json\/wp\/v2\/media\/12447"}],"wp:attachment":[{"href":"https:\/\/www.worldmoments.org\/es\/wp-json\/wp\/v2\/media?parent=12830"}],"curies":[{"name":"wp","href":"https:\/\/api.w.org\/{rel}","templated":true}]}}