{"id":4193,"date":"2013-11-11T09:24:36","date_gmt":"2013-11-11T09:24:36","guid":{"rendered":"http:\/\/demo.qodeinteractive.com\/elision\/?page_id=4193"},"modified":"2020-10-25T16:23:57","modified_gmt":"2020-10-25T15:23:57","slug":"sobre-nosotros","status":"publish","type":"page","link":"https:\/\/www.worldmoments.org\/es\/sobre-nosotros\/","title":{"rendered":"Sobre nosotros"},"content":{"rendered":"[vc_row row_type=\u00bbrow\u00bb text_align=\u00bbleft\u00bb css_animation=\u00bb\u00bb][vc_column][vc_row_inner row_type=\u00bbsection\u00bb type=\u00bbgrid\u00bb text_align=\u00bbleft\u00bb padding_top=\u00bb100&#8243; padding_bottom=\u00bb0&#8243;][vc_column_inner][vc_column_text]<span class='q_dropcap normal' style=''>\u00a1<\/span>Bienvenido a WorldMoments Learn and Travel! Somos un lugar donde puedes aprender espa\u00f1ol online de forma r\u00e1pida y divertida con profesores de Colombia. Tambi\u00e9n encontrar\u00e1s ideas de viajes por Am\u00e9rica del Sur. [\/vc_column_text][\/vc_column_inner][vc_column_inner][vc_separator type=\u00bbtransparent\u00bb up=\u00bb20&#8243; down=\u00bb6&#8243;][vc_column_text]\n<h2>\u00bfQui\u00e9nes somos?<\/h2>\n[\/vc_column_text][vc_separator type=\u00bbtransparent\u00bb up=\u00bb11&#8243; down=\u00bb18&#8243;][vc_column_text]Somos un grupo de familiares, amigos y compa\u00f1eros, que nos conocimos en una escuela de espa\u00f1ol en Bogot\u00e1, Colombia en 2016. Luc\u00eda era la coordinadora acad\u00e9mica de esa escuela despu\u00e9s de 10 a\u00f1os ense\u00f1ando espa\u00f1ol, y Daniel era uno de sus alumnos. Daniel no solo aprendi\u00f3 espa\u00f1ol muy r\u00e1pido en Bogot\u00e1, sino que tambi\u00e9n viaj\u00f3 por Colombia, Ecuador y Per\u00fa al mismo tiempo.<\/p>\n<p>&nbsp;<\/p>\n<p>La mezcla de pasiones: explorar Sudam\u00e9rica y sus culturas por un lado y la producci\u00f3n de videos por el otro fue la base de WorldMoments en 2017. Durante este tiempo, Daniel conoci\u00f3 a sus amigos Chris y Roberta, con quienes encontr\u00f3 en com\u00fan la gran pasi\u00f3n de viajar por Colombia y otros pa\u00edses, adem\u00e1s de aprender espa\u00f1ol para conectarse con la gente local.<\/p>\n<p>&nbsp;<\/p>\n<p>Tatiana y Johana, a quienes les encanta hablar sobre su tierra natal y les apasiona viajar, se unieron en el camino. Ahora todos tenemos en com\u00fan compartir lugares inolvidables en Colombia, Per\u00fa y otros pa\u00edses de Sudam\u00e9rica y un gran plan para aprender espa\u00f1ol r\u00e1pidamente de una manera divertida y amena. \u00bfEsto te parece atractivo? Entonces <a href=\"https:\/\/www.worldmoments.org\/es\/contribuir\/\">ponte en contacto<\/a> hoy y \u00fanete a nuestro equipo en crecimiento.[\/vc_column_text][\/vc_column_inner][\/vc_row_inner][\/vc_column][\/vc_row][vc_row row_type=\u00bbsection\u00bb type=\u00bbgrid\u00bb text_align=\u00bbleft\u00bb video=\u00bb\u00bb padding_top=\u00bb20&#8243; padding_bottom=\u00bb20&#8243;][vc_column][vc_row_inner row_type=\u00bbrow\u00bb text_align=\u00bbcenter\u00bb css_animation=\u00bb\u00bb][vc_column_inner]<span class=\"fa-stack q_font_awsome_icon_stack fa-5x  q_icon_animation\" style=\" transition-delay: 300ms; -webkit-transition-delay: 300ms; -moz-transition-delay: 300ms; -o-transition-delay: 300ms;\"><i class=\"fa fa-circle fa-stack-base fa-stack-2x\" style=\"color: #f5f5f5;\"><\/i><i class=\"fa fa-quote-left fa-stack-1x\" style=\"color: #ffffff;\"><\/i><\/span>[\/vc_column_inner][\/vc_row_inner]<span class=\"custom_font_holder\" style=\"font-family: Open Sans; font-size: 19px; line-height: 26px; font-style: normal; font-weight: 300; text-decoration: none; text-align: center;\"><em>WorldMoments comenz\u00f3 2017 como una gu\u00eda digital de ideas de viaje seleccionadas desde una nueva perspectiva: la vista de p\u00e1jaro. Tres a\u00f1os despu\u00e9s, en 2020, comenzamos nuestra escuela de espa\u00f1ol en l\u00ednea y ya agregamos m\u00e1s de 250 lugares tur\u00edsticos en Colombia y Per\u00fa.<\/em><\/span>[\/vc_column][\/vc_row][vc_row row_type=\u00bbrow\u00bb text_align=\u00bbleft\u00bb css_animation=\u00bb\u00bb][vc_column][vc_row_inner row_type=\u00bbsection\u00bb type=\u00bbgrid\u00bb text_align=\u00bbleft\u00bb padding_top=\u00bb70&#8243; padding_bottom=\u00bb0&#8243;][vc_column_inner][vc_column_text]\n<h2>\u00bfPor qu\u00e9 abrir una escuela de espa\u00f1ol online para extranjeros?<\/h2>\n[\/vc_column_text][vc_separator type=\u00bbtransparent\u00bb up=\u00bb11&#8243; down=\u00bb18&#8243;][vc_column_text]Nos fascina el concepto de aprendizaje, pero tener la libertad de viajar a donde quieras y continuar aprendiendo mientras viajas.<\/p>\n<p>&nbsp;<\/p>\n<p>Creemos que viajar para simplemente tomar fotos no es viajar, es mucho m\u00e1s fructuoso para el alma interactuar con los lugare\u00f1os e involucrarse en su cultura, que es rica y diversa. Como muchos de ustedes saben, Am\u00e9rica Latina es un gran lugar donde se habla espa\u00f1ol en 20 pa\u00edses y casi 500 millones de personas hablan espa\u00f1ol en el mundo como lengua materna. La mayor\u00eda de ellos no dominan el ingl\u00e9s.<\/p>\n<p>&nbsp;<\/p>\n<p>Cada vez son m\u00e1s las personas que se dan cuenta de que el espa\u00f1ol est\u00e1 ganando mucho territorio y se est\u00e1 convirtiendo en el segundo idioma m\u00e1s estudiado del mundo, despu\u00e9s del ingl\u00e9s. Nuestros profesores de espa\u00f1ol son cada vez m\u00e1s solicitados. \u00a1As\u00ed que no te quedes atr\u00e1s! Mu\u00e9vete con el mundo y date la oportunidad de aprender m\u00e1s sobre esta hermosa cultura y de abrir m\u00e1s puertas en tu vida <a href=\"https:\/\/www.worldmoments.org\/en\/learn-spanish-online\/\">aprendiendo espa\u00f1ol con nosotros<\/a>.[\/vc_column_text][\/vc_column_inner][\/vc_row_inner][\/vc_column][\/vc_row][vc_row row_type=\u00bbrow\u00bb text_align=\u00bbleft\u00bb css_animation=\u00bb\u00bb][vc_column][vc_row_inner row_type=\u00bbsection\u00bb type=\u00bbgrid\u00bb text_align=\u00bbleft\u00bb padding_top=\u00bb40&#8243; padding_bottom=\u00bb100&#8243;][vc_column_inner][vc_column_text]\n<h2>\u00bfC\u00f3mo puedo contribuir?<\/h2>\n[\/vc_column_text][vc_separator type=\u00bbtransparent\u00bb up=\u00bb11&#8243; down=\u00bb18&#8243;][vc_column_text]\u00bfCompartes nuestra pasi\u00f3n y te gusta ense\u00f1ar espa\u00f1ol, contar tus historias de viajes o mostrar tus videos o im\u00e1genes en WorldMoments? Buscamos continuamente personas a las que les guste trabajar junto a nosotros. <a href=\"https:\/\/www.worldmoments.org\/es\/contribuir\/\">Cont\u00e1ctenos<\/a> hoy y \u00fanase a nuestro equipo en crecimiento.[\/vc_column_text][vc_separator type=\u00bbtransparent\u00bb up=\u00bb11&#8243; down=\u00bb18&#8243;]<a href=\"\/es\/contribuir\/\" target=\"_self\" class=\"qbutton  tiny\" style=\"\">Contribuir<\/a>[vc_separator type=\u00bbtransparent\u00bb up=\u00bb11&#8243; down=\u00bb18&#8243;][\/vc_column_inner][\/vc_row_inner][\/vc_column][\/vc_row]\n","protected":false},"excerpt":{"rendered":"<p>[vc_row row_type=\u00bbrow\u00bb text_align=\u00bbleft\u00bb css_animation=\u00bb\u00bb][vc_column][vc_row_inner row_type=\u00bbsection\u00bb type=\u00bbgrid\u00bb text_align=\u00bbleft\u00bb padding_top=\u00bb100&#8243; padding_bottom=\u00bb0&#8243;][vc_column_inner][vc_column_text]Bienvenido a WorldMoments Learn and Travel! Somos un lugar donde puedes aprender espa\u00f1ol online de forma r\u00e1pida y divertida con profesores de Colombia. Tambi\u00e9n encontrar\u00e1s ideas de viajes por Am\u00e9rica del Sur. [\/vc_column_text][\/vc_column_inner][vc_column_inner][vc_separator type=\u00bbtransparent\u00bb up=\u00bb20&#8243; down=\u00bb6&#8243;][vc_column_text] \u00bfQui\u00e9nes&#8230;<\/p>\n","protected":false},"author":1,"featured_media":0,"parent":0,"menu_order":0,"comment_status":"open","ping_status":"closed","template":"full_width.php","meta":[],"acf":[],"yoast_head":"<!-- This site is optimized with the Yoast SEO plugin v20.7 - https:\/\/yoast.com\/wordpress\/plugins\/seo\/ -->\n<title>Sobre nosotros &raquo; Worldmoments<\/title>\n<meta name=\"description\" content=\"\u00bfQui\u00e9nes somos? Somos un equipo que comparte un gran plan para aprender espa\u00f1ol en l\u00ednea r\u00e1pidamente e ideas de viaje seleccionadas en Colombia, Per\u00fa y otros pa\u00edses de Am\u00e9rica del Sur.\" \/>\n<meta name=\"robots\" content=\"index, follow, max-snippet:-1, max-image-preview:large, max-video-preview:-1\" \/>\n<link rel=\"canonical\" href=\"https:\/\/www.worldmoments.org\/es\/sobre-nosotros\/\" \/>\n<meta property=\"og:locale\" content=\"es_ES\" \/>\n<meta property=\"og:type\" content=\"article\" \/>\n<meta property=\"og:title\" content=\"Sobre nosotros &raquo; Worldmoments\" \/>\n<meta property=\"og:description\" content=\"\u00bfQui\u00e9nes somos? Somos un equipo que comparte un gran plan para aprender espa\u00f1ol en l\u00ednea r\u00e1pidamente e ideas de viaje seleccionadas en Colombia, Per\u00fa y otros pa\u00edses de Am\u00e9rica del Sur.\" \/>\n<meta property=\"og:url\" content=\"https:\/\/www.worldmoments.org\/es\/sobre-nosotros\/\" \/>\n<meta property=\"og:site_name\" content=\"Worldmoments\" \/>\n<meta property=\"article:publisher\" content=\"https:\/\/www.facebook.com\/worldmoments.org\/\" \/>\n<meta property=\"article:modified_time\" content=\"2020-10-25T15:23:57+00:00\" \/>\n<meta name=\"twitter:card\" content=\"summary_large_image\" \/>\n<meta name=\"twitter:label1\" content=\"Tiempo de lectura\" \/>\n\t<meta name=\"twitter:data1\" content=\"4 minutos\" \/>\n<script type=\"application\/ld+json\" class=\"yoast-schema-graph\">{\"@context\":\"https:\/\/schema.org\",\"@graph\":[{\"@type\":\"WebPage\",\"@id\":\"https:\/\/www.worldmoments.org\/es\/sobre-nosotros\/\",\"url\":\"https:\/\/www.worldmoments.org\/es\/sobre-nosotros\/\",\"name\":\"Sobre nosotros &raquo; Worldmoments\",\"isPartOf\":{\"@id\":\"https:\/\/www.worldmoments.org\/es\/#website\"},\"datePublished\":\"2013-11-11T09:24:36+00:00\",\"dateModified\":\"2020-10-25T15:23:57+00:00\",\"description\":\"\u00bfQui\u00e9nes somos? Somos un equipo que comparte un gran plan para aprender espa\u00f1ol en l\u00ednea r\u00e1pidamente e ideas de viaje seleccionadas en Colombia, Per\u00fa y otros pa\u00edses de Am\u00e9rica del Sur.\",\"breadcrumb\":{\"@id\":\"https:\/\/www.worldmoments.org\/es\/sobre-nosotros\/#breadcrumb\"},\"inLanguage\":\"es\",\"potentialAction\":[{\"@type\":\"ReadAction\",\"target\":[\"https:\/\/www.worldmoments.org\/es\/sobre-nosotros\/\"]}]},{\"@type\":\"BreadcrumbList\",\"@id\":\"https:\/\/www.worldmoments.org\/es\/sobre-nosotros\/#breadcrumb\",\"itemListElement\":[{\"@type\":\"ListItem\",\"position\":1,\"name\":\"Startseite\",\"item\":\"https:\/\/www.worldmoments.org\/es\/\"},{\"@type\":\"ListItem\",\"position\":2,\"name\":\"Sobre nosotros\"}]},{\"@type\":\"WebSite\",\"@id\":\"https:\/\/www.worldmoments.org\/es\/#website\",\"url\":\"https:\/\/www.worldmoments.org\/es\/\",\"name\":\"Worldmoments\",\"description\":\"The world from a new perspective.\",\"publisher\":{\"@id\":\"https:\/\/www.worldmoments.org\/es\/#organization\"},\"potentialAction\":[{\"@type\":\"SearchAction\",\"target\":{\"@type\":\"EntryPoint\",\"urlTemplate\":\"https:\/\/www.worldmoments.org\/es\/?s={search_term_string}\"},\"query-input\":\"required name=search_term_string\"}],\"inLanguage\":\"es\"},{\"@type\":\"Organization\",\"@id\":\"https:\/\/www.worldmoments.org\/es\/#organization\",\"name\":\"WorldMoments\",\"url\":\"https:\/\/www.worldmoments.org\/es\/\",\"logo\":{\"@type\":\"ImageObject\",\"inLanguage\":\"es\",\"@id\":\"https:\/\/www.worldmoments.org\/es\/#\/schema\/logo\/image\/\",\"url\":\"https:\/\/www.worldmoments.org\/wp-content\/uploads\/2018\/01\/worldmoments_logo_darkblue_small.png\",\"contentUrl\":\"https:\/\/www.worldmoments.org\/wp-content\/uploads\/2018\/01\/worldmoments_logo_darkblue_small.png\",\"width\":219,\"height\":20,\"caption\":\"WorldMoments\"},\"image\":{\"@id\":\"https:\/\/www.worldmoments.org\/es\/#\/schema\/logo\/image\/\"},\"sameAs\":[\"https:\/\/www.facebook.com\/worldmoments.org\/\",\"https:\/\/www.youtube.com\/worldmoments\"]}]}<\/script>\n<!-- \/ Yoast SEO plugin. -->","yoast_head_json":{"title":"Sobre nosotros &raquo; Worldmoments","description":"\u00bfQui\u00e9nes somos? Somos un equipo que comparte un gran plan para aprender espa\u00f1ol en l\u00ednea r\u00e1pidamente e ideas de viaje seleccionadas en Colombia, Per\u00fa y otros pa\u00edses de Am\u00e9rica del Sur.","robots":{"index":"index","follow":"follow","max-snippet":"max-snippet:-1","max-image-preview":"max-image-preview:large","max-video-preview":"max-video-preview:-1"},"canonical":"https:\/\/www.worldmoments.org\/es\/sobre-nosotros\/","og_locale":"es_ES","og_type":"article","og_title":"Sobre nosotros &raquo; Worldmoments","og_description":"\u00bfQui\u00e9nes somos? Somos un equipo que comparte un gran plan para aprender espa\u00f1ol en l\u00ednea r\u00e1pidamente e ideas de viaje seleccionadas en Colombia, Per\u00fa y otros pa\u00edses de Am\u00e9rica del Sur.","og_url":"https:\/\/www.worldmoments.org\/es\/sobre-nosotros\/","og_site_name":"Worldmoments","article_publisher":"https:\/\/www.facebook.com\/worldmoments.org\/","article_modified_time":"2020-10-25T15:23:57+00:00","twitter_card":"summary_large_image","twitter_misc":{"Tiempo de lectura":"4 minutos"},"schema":{"@context":"https:\/\/schema.org","@graph":[{"@type":"WebPage","@id":"https:\/\/www.worldmoments.org\/es\/sobre-nosotros\/","url":"https:\/\/www.worldmoments.org\/es\/sobre-nosotros\/","name":"Sobre nosotros &raquo; Worldmoments","isPartOf":{"@id":"https:\/\/www.worldmoments.org\/es\/#website"},"datePublished":"2013-11-11T09:24:36+00:00","dateModified":"2020-10-25T15:23:57+00:00","description":"\u00bfQui\u00e9nes somos? Somos un equipo que comparte un gran plan para aprender espa\u00f1ol en l\u00ednea r\u00e1pidamente e ideas de viaje seleccionadas en Colombia, Per\u00fa y otros pa\u00edses de Am\u00e9rica del Sur.","breadcrumb":{"@id":"https:\/\/www.worldmoments.org\/es\/sobre-nosotros\/#breadcrumb"},"inLanguage":"es","potentialAction":[{"@type":"ReadAction","target":["https:\/\/www.worldmoments.org\/es\/sobre-nosotros\/"]}]},{"@type":"BreadcrumbList","@id":"https:\/\/www.worldmoments.org\/es\/sobre-nosotros\/#breadcrumb","itemListElement":[{"@type":"ListItem","position":1,"name":"Startseite","item":"https:\/\/www.worldmoments.org\/es\/"},{"@type":"ListItem","position":2,"name":"Sobre nosotros"}]},{"@type":"WebSite","@id":"https:\/\/www.worldmoments.org\/es\/#website","url":"https:\/\/www.worldmoments.org\/es\/","name":"Worldmoments","description":"The world from a new perspective.","publisher":{"@id":"https:\/\/www.worldmoments.org\/es\/#organization"},"potentialAction":[{"@type":"SearchAction","target":{"@type":"EntryPoint","urlTemplate":"https:\/\/www.worldmoments.org\/es\/?s={search_term_string}"},"query-input":"required name=search_term_string"}],"inLanguage":"es"},{"@type":"Organization","@id":"https:\/\/www.worldmoments.org\/es\/#organization","name":"WorldMoments","url":"https:\/\/www.worldmoments.org\/es\/","logo":{"@type":"ImageObject","inLanguage":"es","@id":"https:\/\/www.worldmoments.org\/es\/#\/schema\/logo\/image\/","url":"https:\/\/www.worldmoments.org\/wp-content\/uploads\/2018\/01\/worldmoments_logo_darkblue_small.png","contentUrl":"https:\/\/www.worldmoments.org\/wp-content\/uploads\/2018\/01\/worldmoments_logo_darkblue_small.png","width":219,"height":20,"caption":"WorldMoments"},"image":{"@id":"https:\/\/www.worldmoments.org\/es\/#\/schema\/logo\/image\/"},"sameAs":["https:\/\/www.facebook.com\/worldmoments.org\/","https:\/\/www.youtube.com\/worldmoments"]}]}},"_links":{"self":[{"href":"https:\/\/www.worldmoments.org\/es\/wp-json\/wp\/v2\/pages\/4193"}],"collection":[{"href":"https:\/\/www.worldmoments.org\/es\/wp-json\/wp\/v2\/pages"}],"about":[{"href":"https:\/\/www.worldmoments.org\/es\/wp-json\/wp\/v2\/types\/page"}],"author":[{"embeddable":true,"href":"https:\/\/www.worldmoments.org\/es\/wp-json\/wp\/v2\/users\/1"}],"replies":[{"embeddable":true,"href":"https:\/\/www.worldmoments.org\/es\/wp-json\/wp\/v2\/comments?post=4193"}],"version-history":[{"count":33,"href":"https:\/\/www.worldmoments.org\/es\/wp-json\/wp\/v2\/pages\/4193\/revisions"}],"predecessor-version":[{"id":14449,"href":"https:\/\/www.worldmoments.org\/es\/wp-json\/wp\/v2\/pages\/4193\/revisions\/14449"}],"wp:attachment":[{"href":"https:\/\/www.worldmoments.org\/es\/wp-json\/wp\/v2\/media?parent=4193"}],"curies":[{"name":"wp","href":"https:\/\/api.w.org\/{rel}","templated":true}]}}